{"id":959,"date":"2025-08-27T21:20:05","date_gmt":"2025-08-27T21:20:05","guid":{"rendered":"https:\/\/kronenringe.art\/ueber-das-programm\/"},"modified":"2025-11-02T00:21:14","modified_gmt":"2025-11-02T00:21:14","slug":"ueber-das-programm","status":"publish","type":"page","link":"https:\/\/kronenringe.art\/de\/ueber-das-programm\/","title":{"rendered":"\u00dcber das Programm"},"content":{"rendered":"\t\t<div data-elementor-type=\"wp-page\" data-elementor-id=\"959\" class=\"elementor elementor-959 elementor-570\" data-elementor-post-type=\"page\">\n\t\t\t\t<div class=\"elementor-element elementor-element-2a724ef3 e-con-full e-flex e-con e-parent\" data-id=\"2a724ef3\" data-element_type=\"container\" data-e-type=\"container\" data-settings=\"{&quot;background_background&quot;:&quot;classic&quot;}\">\n\t\t<div class=\"elementor-element elementor-element-37278401 e-con-full e-flex e-con e-child\" data-id=\"37278401\" data-element_type=\"container\" data-e-type=\"container\">\n\t\t\t\t<div class=\"elementor-element elementor-element-17584ce elementor-widget elementor-widget-heading\" data-id=\"17584ce\" data-element_type=\"widget\" data-e-type=\"widget\" data-settings=\"{&quot;motion_fx_motion_fx_scrolling&quot;:&quot;yes&quot;,&quot;motion_fx_translateY_effect&quot;:&quot;yes&quot;,&quot;motion_fx_translateY_direction&quot;:&quot;negative&quot;,&quot;motion_fx_translateY_affectedRange&quot;:{&quot;unit&quot;:&quot;%&quot;,&quot;size&quot;:&quot;&quot;,&quot;sizes&quot;:{&quot;start&quot;:50,&quot;end&quot;:100}},&quot;motion_fx_devices&quot;:[&quot;desktop&quot;,&quot;tablet&quot;],&quot;motion_fx_translateY_speed&quot;:{&quot;unit&quot;:&quot;px&quot;,&quot;size&quot;:4,&quot;sizes&quot;:[]}}\" data-widget_type=\"heading.default\">\n\t\t\t\t\t<h1 class=\"elementor-heading-title elementor-size-default\">\u00dcber das Programm<\/h1>\t\t\t\t<\/div>\n\t\t\t\t<div class=\"elementor-element elementor-element-f360ecb elementor-widget elementor-widget-heading\" data-id=\"f360ecb\" data-element_type=\"widget\" data-e-type=\"widget\" data-settings=\"{&quot;motion_fx_motion_fx_scrolling&quot;:&quot;yes&quot;,&quot;motion_fx_translateY_effect&quot;:&quot;yes&quot;,&quot;motion_fx_translateY_direction&quot;:&quot;negative&quot;,&quot;motion_fx_translateY_affectedRange&quot;:{&quot;unit&quot;:&quot;%&quot;,&quot;size&quot;:&quot;&quot;,&quot;sizes&quot;:{&quot;start&quot;:50,&quot;end&quot;:100}},&quot;motion_fx_devices&quot;:[&quot;desktop&quot;,&quot;tablet&quot;],&quot;motion_fx_translateY_speed&quot;:{&quot;unit&quot;:&quot;px&quot;,&quot;size&quot;:4,&quot;sizes&quot;:[]}}\" data-widget_type=\"heading.default\">\n\t\t\t\t\t<h4 class=\"elementor-heading-title elementor-size-default\">In memoriam Barbara Helleis<\/h4>\t\t\t\t<\/div>\n\t\t\t\t<div class=\"elementor-element elementor-element-fc1cc1f elementor-widget elementor-widget-heading\" data-id=\"fc1cc1f\" data-element_type=\"widget\" data-e-type=\"widget\" data-settings=\"{&quot;motion_fx_motion_fx_scrolling&quot;:&quot;yes&quot;,&quot;motion_fx_translateY_effect&quot;:&quot;yes&quot;,&quot;motion_fx_translateY_direction&quot;:&quot;negative&quot;,&quot;motion_fx_translateY_affectedRange&quot;:{&quot;unit&quot;:&quot;%&quot;,&quot;size&quot;:&quot;&quot;,&quot;sizes&quot;:{&quot;start&quot;:50,&quot;end&quot;:100}},&quot;motion_fx_devices&quot;:[&quot;desktop&quot;,&quot;tablet&quot;],&quot;motion_fx_translateY_speed&quot;:{&quot;unit&quot;:&quot;px&quot;,&quot;size&quot;:4,&quot;sizes&quot;:[]}}\" data-widget_type=\"heading.default\">\n\t\t\t\t\t<h1 class=\"elementor-heading-title elementor-size-default\">Kronenringe: Schmuckresidenz f\u00fcr Nachwuchsk\u00fcnstler*innen<\/h1>\t\t\t\t<\/div>\n\t\t\t\t<\/div>\n\t\t<div class=\"elementor-element elementor-element-413bd3cb e-con-full e-flex e-con e-child\" data-id=\"413bd3cb\" data-element_type=\"container\" data-e-type=\"container\">\n\t\t\t\t<div class=\"elementor-element elementor-element-655f71be elementor-widget elementor-widget-text-editor\" data-id=\"655f71be\" data-element_type=\"widget\" data-e-type=\"widget\" data-widget_type=\"text-editor.default\">\n\t\t\t\t\t\t\t\t\t<p data-start=\"445\" data-end=\"1035\">Die <em data-start=\"473\" data-end=\"528\">Kronenringe: Jewellery Residency for Emerging Artists<\/em> ist ein neues Artist-in-Residence-Programm, das im Dezember 2025 in Landsberg am Lech, Bayern, startet. Es findet in der urspr\u00fcnglichen Goldschmiedewerkstatt der verstorbenen K\u00fcnstlerin Barbara Helleis statt, deren ber\u00fchmte \u201eKronenringe\u201c zu einem Symbol ihres Handwerks geworden sind. Die Residenz bietet drei Schmuckk\u00fcnstlern pro Jahr einen <strong data-start=\"829\" data-end=\"854\">finanzierten Aufenthalt von 3 Monaten<\/strong> inklusive freier Unterkunft, Reisekostenerstattung, einem monatlichen Stipendium und Zugang zu einer <strong data-start=\"946\" data-end=\"1011\">voll ausgestatteten, historisch bedeutsamen Goldschmiedewerkstatt<\/strong> und Materialbibliothek.  <\/p><p data-start=\"1037\" data-end=\"1365\">Das Programm verbindet <strong data-start=\"1058\" data-end=\"1134\">k\u00fcnstlerische Freiheit, professionelles Mentoring und generationen\u00fcbergreifenden Austausch<\/strong>. Die Teilnehmer*innen profitieren von fachkundiger Betreuung, \u00f6ffentlichen Pr\u00e4sentationen und Ausstellungsm\u00f6glichkeiten sowohl in Landsberg als auch bei Kooperationspartnern in M\u00fcnchen. Die Berichterstattung in f\u00fchrenden Fachzeitschriften sichert die internationale Sichtbarkeit.  <\/p>\t\t\t\t\t\t\t\t<\/div>\n\t\t\t\t<\/div>\n\t\t\t\t<\/div>\n\t\t<div class=\"elementor-element elementor-element-3fa2efc3 e-con-full e-flex e-con e-parent\" data-id=\"3fa2efc3\" data-element_type=\"container\" data-e-type=\"container\" id=\"next\" data-settings=\"{&quot;background_background&quot;:&quot;classic&quot;}\">\n\t\t<div class=\"elementor-element elementor-element-56b84712 e-con-full e-flex e-con e-child\" data-id=\"56b84712\" data-element_type=\"container\" data-e-type=\"container\">\n\t\t\t\t<div class=\"elementor-element elementor-element-5e6f011a elementor-widget elementor-widget-heading\" data-id=\"5e6f011a\" data-element_type=\"widget\" data-e-type=\"widget\" data-settings=\"{&quot;motion_fx_motion_fx_scrolling&quot;:&quot;yes&quot;,&quot;motion_fx_translateY_effect&quot;:&quot;yes&quot;,&quot;motion_fx_translateY_direction&quot;:&quot;negative&quot;,&quot;motion_fx_translateY_affectedRange&quot;:{&quot;unit&quot;:&quot;%&quot;,&quot;size&quot;:&quot;&quot;,&quot;sizes&quot;:{&quot;start&quot;:50,&quot;end&quot;:100}},&quot;motion_fx_devices&quot;:[&quot;desktop&quot;,&quot;tablet&quot;],&quot;motion_fx_translateY_speed&quot;:{&quot;unit&quot;:&quot;px&quot;,&quot;size&quot;:4,&quot;sizes&quot;:[]}}\" data-widget_type=\"heading.default\">\n\t\t\t\t\t<h2 class=\"elementor-heading-title elementor-size-default\">Presseartikel<\/h2>\t\t\t\t<\/div>\n\t\t\t\t<\/div>\n\t\t<div class=\"elementor-element elementor-element-479478c8 e-con-full e-flex e-con e-child\" data-id=\"479478c8\" data-element_type=\"container\" data-e-type=\"container\">\n\t\t\t\t<div class=\"elementor-element elementor-element-4ae05c2b elementor-widget elementor-widget-text-editor\" data-id=\"4ae05c2b\" data-element_type=\"widget\" data-e-type=\"widget\" data-widget_type=\"text-editor.default\">\n\t\t\t\t\t\t\t\t\t<p data-start=\"1367\" data-end=\"1797\">\u00dcber Barbara Helleis und ihre Schmuckwerkstatt sind verschiedene Artikel erschienen. Es gab auch einen Nachruf und einen Bericht \u00fcber die neue Schmuckresidenz. <\/p><p data-start=\"1367\" data-end=\"1797\"><strong>Artikel, 2006<\/strong><\/p><p><a href=\"http:\/\/kronenringe.art\/wp-content\/uploads\/2025\/11\/20200826-Landsberger-Tagblatt-196-204-Barbara-Helleis-Artikel-Kopie2.webp\" target=\"_blank\" rel=\"http:\/\/kronenringe.art\/wp-content\/uploads\/2025\/11\/20200826-Landsberger-Tagblatt-196-204-Barbara-Helleis-Artikel-Kopie2.webp noopener\"><img fetchpriority=\"high\" decoding=\"async\" class=\"alignnone wp-image-1196 size-medium\" src=\"http:\/\/kronenringe.art\/wp-content\/uploads\/2025\/11\/20200826-Landsberger-Tagblatt-196-204-Barbara-Helleis-Artikel-Kopie2-300x201.webp\" alt=\"\" width=\"300\" height=\"201\" srcset=\"https:\/\/kronenringe.art\/wp-content\/uploads\/2025\/11\/20200826-Landsberger-Tagblatt-196-204-Barbara-Helleis-Artikel-Kopie2-300x201.webp 300w, https:\/\/kronenringe.art\/wp-content\/uploads\/2025\/11\/20200826-Landsberger-Tagblatt-196-204-Barbara-Helleis-Artikel-Kopie2-1024x685.webp 1024w, https:\/\/kronenringe.art\/wp-content\/uploads\/2025\/11\/20200826-Landsberger-Tagblatt-196-204-Barbara-Helleis-Artikel-Kopie2-768x514.webp 768w, https:\/\/kronenringe.art\/wp-content\/uploads\/2025\/11\/20200826-Landsberger-Tagblatt-196-204-Barbara-Helleis-Artikel-Kopie2.webp 1366w\" sizes=\"(max-width: 300px) 100vw, 300px\" \/><\/a><\/p><p data-start=\"1367\" data-end=\"1797\"><strong>Artikel, 2000<\/strong><\/p><p data-start=\"1367\" data-end=\"1797\"> <\/p><p data-start=\"1367\" data-end=\"1797\"><a href=\"http:\/\/kronenringe.art\/wp-content\/uploads\/2025\/11\/2020-LT-Barbara-Helleis-Kunstler-mit-Herz.pdf\"><img decoding=\"async\" class=\"alignnone wp-image-1199 size-medium\" src=\"http:\/\/kronenringe.art\/wp-content\/uploads\/2025\/11\/2020-LT-Barbara-Helleis-Kunstler-mit-Herz-Kopie-300x224.webp\" alt=\"\" width=\"300\" height=\"224\" srcset=\"https:\/\/kronenringe.art\/wp-content\/uploads\/2025\/11\/2020-LT-Barbara-Helleis-Kunstler-mit-Herz-Kopie-300x224.webp 300w, https:\/\/kronenringe.art\/wp-content\/uploads\/2025\/11\/2020-LT-Barbara-Helleis-Kunstler-mit-Herz-Kopie-1024x764.webp 1024w, https:\/\/kronenringe.art\/wp-content\/uploads\/2025\/11\/2020-LT-Barbara-Helleis-Kunstler-mit-Herz-Kopie-768x573.webp 768w, https:\/\/kronenringe.art\/wp-content\/uploads\/2025\/11\/2020-LT-Barbara-Helleis-Kunstler-mit-Herz-Kopie-1536x1146.webp 1536w, https:\/\/kronenringe.art\/wp-content\/uploads\/2025\/11\/2020-LT-Barbara-Helleis-Kunstler-mit-Herz-Kopie.webp 1582w\" sizes=\"(max-width: 300px) 100vw, 300px\" \/><\/a><\/p><p data-start=\"1367\" data-end=\"1797\"><strong>Ein Nachruf, 2025<\/strong><\/p><p data-start=\"1367\" data-end=\"1797\"><img decoding=\"async\" class=\"alignnone size-medium wp-image-1197\" src=\"http:\/\/kronenringe.art\/wp-content\/uploads\/2025\/11\/20250426-Landsberger-Tagblatt-Seite-22-Barbara-Helleis-Nachruf-Artikel-210x300.webp\" alt=\"\" width=\"210\" height=\"300\" data-wp-editing=\"1\" srcset=\"https:\/\/kronenringe.art\/wp-content\/uploads\/2025\/11\/20250426-Landsberger-Tagblatt-Seite-22-Barbara-Helleis-Nachruf-Artikel-210x300.webp 210w, https:\/\/kronenringe.art\/wp-content\/uploads\/2025\/11\/20250426-Landsberger-Tagblatt-Seite-22-Barbara-Helleis-Nachruf-Artikel-715x1024.png 715w, https:\/\/kronenringe.art\/wp-content\/uploads\/2025\/11\/20250426-Landsberger-Tagblatt-Seite-22-Barbara-Helleis-Nachruf-Artikel-768x1099.png 768w, https:\/\/kronenringe.art\/wp-content\/uploads\/2025\/11\/20250426-Landsberger-Tagblatt-Seite-22-Barbara-Helleis-Nachruf-Artikel.webp 1043w\" sizes=\"(max-width: 210px) 100vw, 210px\" \/><\/p><p data-start=\"1367\" data-end=\"1797\"><strong>Artikel \u00fcber die neue Schmuckresidenz, 2025<\/strong><\/p><p data-start=\"1367\" data-end=\"1797\"><a href=\"http:\/\/kronenringe.art\/wp-content\/uploads\/2025\/11\/20251024_Landsberger_Tagblatt_Seite_21-Kronenringe_Artikel-Text.pdf\" target=\"_blank\" rel=\"http:\/\/kronenringe.art\/wp-content\/uploads\/2025\/11\/20251024_Landsberger_Tagblatt_Seite_21-Kronenringe_Artikel-Text.pdf noopener\"><img loading=\"lazy\" decoding=\"async\" class=\"wp-image-1198 size-medium\" title=\"Artikel \u00fcber die Ausschreibung f\u00fcr die Kronenring-Residenz in Landsberg am Lech im Jahr 2025.\" src=\"http:\/\/kronenringe.art\/wp-content\/uploads\/2025\/11\/20251024_Landsberger_Tagblatt_Seite_21-Kronenringe_Artikel-263x300.webp\" alt=\"Artikel \u00fcber die Ausschreibung f\u00fcr die Kronenring-Residenz in Landsberg am Lech im Jahr 2025.\" width=\"263\" height=\"300\" srcset=\"https:\/\/kronenringe.art\/wp-content\/uploads\/2025\/11\/20251024_Landsberger_Tagblatt_Seite_21-Kronenringe_Artikel-263x300.webp 263w, https:\/\/kronenringe.art\/wp-content\/uploads\/2025\/11\/20251024_Landsberger_Tagblatt_Seite_21-Kronenringe_Artikel-899x1024.webp 899w, https:\/\/kronenringe.art\/wp-content\/uploads\/2025\/11\/20251024_Landsberger_Tagblatt_Seite_21-Kronenringe_Artikel-768x875.webp 768w, https:\/\/kronenringe.art\/wp-content\/uploads\/2025\/11\/20251024_Landsberger_Tagblatt_Seite_21-Kronenringe_Artikel.webp 1318w\" sizes=\"(max-width: 263px) 100vw, 263px\" \/><\/a><\/p><p data-start=\"1367\" data-end=\"1797\"><strong>Goldschmiedezeitung, 2025<br><\/strong><br><img loading=\"lazy\" decoding=\"async\" class=\"alignnone size-medium wp-image-1202\" src=\"http:\/\/kronenringe.art\/wp-content\/uploads\/2025\/11\/2025-GZ1025-Designnews-Kronenringe-Ausschnitt-300x203.webp\" alt=\"\" width=\"300\" height=\"203\" srcset=\"https:\/\/kronenringe.art\/wp-content\/uploads\/2025\/11\/2025-GZ1025-Designnews-Kronenringe-Ausschnitt-300x203.webp 300w, https:\/\/kronenringe.art\/wp-content\/uploads\/2025\/11\/2025-GZ1025-Designnews-Kronenringe-Ausschnitt.webp 545w\" sizes=\"(max-width: 300px) 100vw, 300px\" \/><\/p>\t\t\t\t\t\t\t\t<\/div>\n\t\t\t\t<\/div>\n\t\t\t\t<\/div>\n\t\t<div class=\"elementor-element elementor-element-6451c6e e-con-full e-flex e-con e-parent\" data-id=\"6451c6e\" data-element_type=\"container\" data-e-type=\"container\" data-settings=\"{&quot;background_background&quot;:&quot;classic&quot;}\">\n\t\t<div class=\"elementor-element elementor-element-4201f20 e-con-full e-flex e-con e-child\" data-id=\"4201f20\" data-element_type=\"container\" data-e-type=\"container\">\n\t\t\t\t<div class=\"elementor-element elementor-element-26542e0 elementor-widget elementor-widget-heading\" data-id=\"26542e0\" data-element_type=\"widget\" data-e-type=\"widget\" data-settings=\"{&quot;motion_fx_motion_fx_scrolling&quot;:&quot;yes&quot;,&quot;motion_fx_translateY_effect&quot;:&quot;yes&quot;,&quot;motion_fx_translateY_direction&quot;:&quot;negative&quot;,&quot;motion_fx_translateY_affectedRange&quot;:{&quot;unit&quot;:&quot;%&quot;,&quot;size&quot;:&quot;&quot;,&quot;sizes&quot;:{&quot;start&quot;:50,&quot;end&quot;:100}},&quot;motion_fx_devices&quot;:[&quot;desktop&quot;,&quot;tablet&quot;],&quot;motion_fx_translateY_speed&quot;:{&quot;unit&quot;:&quot;px&quot;,&quot;size&quot;:4,&quot;sizes&quot;:[]}}\" data-widget_type=\"heading.default\">\n\t\t\t\t\t<h2 class=\"elementor-heading-title elementor-size-default\">Mission und Wirkung<\/h2>\t\t\t\t<\/div>\n\t\t\t\t<\/div>\n\t\t<div class=\"elementor-element elementor-element-23285e8 e-con-full e-flex e-con e-child\" data-id=\"23285e8\" data-element_type=\"container\" data-e-type=\"container\">\n\t\t\t\t<div class=\"elementor-element elementor-element-49448e9 elementor-widget elementor-widget-text-editor\" data-id=\"49448e9\" data-element_type=\"widget\" data-e-type=\"widget\" data-widget_type=\"text-editor.default\">\n\t\t\t\t\t\t\t\t\t<p data-start=\"1367\" data-end=\"1797\">Die Residenz richtet sich an aufstrebende Schmuckk\u00fcnstler*innen und Designer*innen \u2013 Hochschulabsolvent*innen, Wiedereinsteiger*innen nach beruflichen Pausen und Fachleute, die neue Wege erkunden m\u00f6chten. Sie bietet Raum und Ressourcen, um <strong data-start=\"1610\" data-end=\"1635\">Kunst und Handwerk<\/strong> zu vereinen, mit Techniken und Materialien zu experimentieren und die Wertsch\u00e4tzung der Schmuckkunst sowohl als kulturelles Erbe als auch als zeitgen\u00f6ssische k\u00fcnstlerische Praxis zu st\u00e4rken. <\/p><p data-start=\"1799\" data-end=\"2188\">Das Programm begegnet einem dringenden Bedarf: Weltweit bieten nur sehr wenige Residenzen Schmuckk\u00fcnstler*innen Zugang zu vollst\u00e4ndigen Goldschmiedewerkst\u00e4tten, spezialisierten Werkzeugen und Materialien. In einer Zeit, in der die traditionelle Handwerksausbildung zur\u00fcckgeht, setzt die Kronenringe Residenz ein Beispiel daf\u00fcr, wie <strong data-start=\"2082\" data-end=\"2185\">handwerkliches Wissen bewahrt, Innovation gef\u00f6rdert und die \u00f6ffentliche Sichtbarkeit der Schmuckkunst verbessert werden kann<\/strong>. <\/p>\t\t\t\t\t\t\t\t<\/div>\n\t\t\t\t<\/div>\n\t\t\t\t<\/div>\n\t\t<div class=\"elementor-element elementor-element-3b7d9f02 e-con-full e-flex e-con e-parent\" data-id=\"3b7d9f02\" data-element_type=\"container\" data-e-type=\"container\" data-settings=\"{&quot;background_background&quot;:&quot;classic&quot;}\">\n\t\t<div class=\"elementor-element elementor-element-2ace0fc2 e-con-full e-flex e-con e-child\" data-id=\"2ace0fc2\" data-element_type=\"container\" data-e-type=\"container\">\n\t\t\t\t<div class=\"elementor-element elementor-element-7fca3851 elementor-widget elementor-widget-heading\" data-id=\"7fca3851\" data-element_type=\"widget\" data-e-type=\"widget\" data-settings=\"{&quot;motion_fx_motion_fx_scrolling&quot;:&quot;yes&quot;,&quot;motion_fx_translateY_effect&quot;:&quot;yes&quot;,&quot;motion_fx_translateY_direction&quot;:&quot;negative&quot;,&quot;motion_fx_translateY_affectedRange&quot;:{&quot;unit&quot;:&quot;%&quot;,&quot;size&quot;:&quot;&quot;,&quot;sizes&quot;:{&quot;start&quot;:50,&quot;end&quot;:100}},&quot;motion_fx_devices&quot;:[&quot;desktop&quot;,&quot;tablet&quot;],&quot;motion_fx_translateY_speed&quot;:{&quot;unit&quot;:&quot;px&quot;,&quot;size&quot;:4,&quot;sizes&quot;:[]}}\" data-widget_type=\"heading.default\">\n\t\t\t\t\t<h2 class=\"elementor-heading-title elementor-size-default\">Partner und Netzwerk<\/h2>\t\t\t\t<\/div>\n\t\t\t\t<\/div>\n\t\t<div class=\"elementor-element elementor-element-6d4e012e e-con-full e-flex e-con e-child\" data-id=\"6d4e012e\" data-element_type=\"container\" data-e-type=\"container\">\n\t\t\t\t<div class=\"elementor-element elementor-element-3cf9f383 elementor-widget elementor-widget-text-editor\" data-id=\"3cf9f383\" data-element_type=\"widget\" data-e-type=\"widget\" data-widget_type=\"text-editor.default\">\n\t\t\t\t\t\t\t\t\t<p data-start=\"2190\" data-end=\"2284\">Die Residenz wird von etablierten Institutionen unterst\u00fctzt, darunter:<\/p><ul><li><span class=\"a_GcMg font-feature-liga-off font-feature-clig-off font-feature-calt-off text-decoration-none text-strikethrough-none\">Staatliche Berufsfachschule f\u00fcr Glas und Schmuck Kaufbeuren-Neugablonz<\/span><\/li><li><span class=\"a_GcMg font-feature-liga-off font-feature-clig-off font-feature-calt-off text-decoration-none text-strikethrough-none\">Akademie der Bildenden K\u00fcnste M\u00fcnchen<\/span><\/li><li><span class=\"a_GcMg font-feature-liga-off font-feature-clig-off font-feature-calt-off text-decoration-none text-strikethrough-none\">Galerie handwerk<\/span><\/li><li><span class=\"a_GcMg font-feature-liga-off font-feature-clig-off font-feature-calt-off text-decoration-none text-strikethrough-none\">Handwerkskammer f\u00fcr M\u00fcnchen und Oberbayern<\/span><\/li><li><span class=\"a_GcMg font-feature-liga-off font-feature-clig-off font-feature-calt-off text-decoration-none text-strikethrough-none\">Klasse f\u00fcr Schmuck und Ger\u00e4t, <\/span>Prof. Karen Pontoppidan<\/li><li><span class=\"a_GcMg font-feature-liga-off font-feature-clig-off font-feature-calt-off text-decoration-none text-strikethrough-none\">Bayerischer Kunstgewerbeverein e. V. <\/span><\/li><li><span class=\"a_GcMg font-feature-liga-off font-feature-clig-off font-feature-calt-off text-decoration-none text-strikethrough-none\">Benno und Therese Danner\u2019sche Kunstgewerbestiftung<\/span><\/li><li><span class=\"a_GcMg font-feature-liga-off font-feature-clig-off font-feature-calt-off text-decoration-none text-strikethrough-none\">Res Artis<\/span><\/li><li><span class=\"a_GcMg font-feature-liga-off font-feature-clig-off font-feature-calt-off text-decoration-none text-strikethrough-none\">Inhorgenta M\u00fcnchen<\/span><\/li><li><span class=\"a_GcMg font-feature-liga-off font-feature-clig-off font-feature-calt-off text-decoration-none text-strikethrough-none\">GZ Goldschmiedezeitung<\/span><\/li><li><span class=\"a_GcMg font-feature-liga-off font-feature-clig-off font-feature-calt-off text-decoration-none text-strikethrough-none\">Art Aurea<\/span><\/li><li>SMCK Magazin<\/li><\/ul><p data-start=\"2554\" data-end=\"2744\">Diese Partner tragen durch <strong data-start=\"2588\" data-end=\"2679\">fachkundige Betreuung, Workshops, Jurybeteiligung, Ausstellungen und internationale Netzwerke<\/strong> bei und sichern so die hohe Qualit\u00e4t und nachhaltige Wirkung der Residenz.<\/p>\t\t\t\t\t\t\t\t<\/div>\n\t\t\t\t<\/div>\n\t\t\t\t<\/div>\n\t\t<div class=\"elementor-element elementor-element-72ca50a e-flex e-con-boxed e-con e-parent\" data-id=\"72ca50a\" data-element_type=\"container\" data-e-type=\"container\">\n\t\t\t\t\t<div class=\"e-con-inner\">\n\t\t\t\t\t<\/div>\n\t\t\t\t<\/div>\n\t\t\t\t<\/div>\n\t\t","protected":false},"excerpt":{"rendered":"<p>\u00dcber das Programm In memoriam Barbara Helleis Kronenringe: Schmuckresidenz f\u00fcr Nachwuchsk\u00fcnstler*innen Die Kronenringe: Jewellery Residency for Emerging Artists ist ein neues Artist-in-Residence-Programm, das im Dezember 2025 in Landsberg am Lech, Bayern, startet. Es findet in der urspr\u00fcnglichen Goldschmiedewerkstatt der verstorbenen K\u00fcnstlerin Barbara Helleis statt, deren ber\u00fchmte \u201eKronenringe\u201c zu einem Symbol ihres Handwerks geworden sind. Die [&hellip;]<\/p>\n","protected":false},"author":1,"featured_media":962,"parent":0,"menu_order":0,"comment_status":"closed","ping_status":"closed","template":"elementor_header_footer","meta":{"footnotes":""},"class_list":["post-959","page","type-page","status-publish","has-post-thumbnail","hentry"],"_links":{"self":[{"href":"https:\/\/kronenringe.art\/de\/wp-json\/wp\/v2\/pages\/959","targetHints":{"allow":["GET"]}}],"collection":[{"href":"https:\/\/kronenringe.art\/de\/wp-json\/wp\/v2\/pages"}],"about":[{"href":"https:\/\/kronenringe.art\/de\/wp-json\/wp\/v2\/types\/page"}],"author":[{"embeddable":true,"href":"https:\/\/kronenringe.art\/de\/wp-json\/wp\/v2\/users\/1"}],"replies":[{"embeddable":true,"href":"https:\/\/kronenringe.art\/de\/wp-json\/wp\/v2\/comments?post=959"}],"version-history":[{"count":2,"href":"https:\/\/kronenringe.art\/de\/wp-json\/wp\/v2\/pages\/959\/revisions"}],"predecessor-version":[{"id":1263,"href":"https:\/\/kronenringe.art\/de\/wp-json\/wp\/v2\/pages\/959\/revisions\/1263"}],"wp:featuredmedia":[{"embeddable":true,"href":"https:\/\/kronenringe.art\/de\/wp-json\/wp\/v2\/media\/962"}],"wp:attachment":[{"href":"https:\/\/kronenringe.art\/de\/wp-json\/wp\/v2\/media?parent=959"}],"curies":[{"name":"wp","href":"https:\/\/api.w.org\/{rel}","templated":true}]}}