{"id":1541,"date":"2026-02-09T23:34:55","date_gmt":"2026-02-09T23:34:55","guid":{"rendered":"https:\/\/kronenringe.art\/ausstellung\/"},"modified":"2026-02-10T00:23:34","modified_gmt":"2026-02-10T00:23:34","slug":"ausstellung","status":"publish","type":"page","link":"https:\/\/kronenringe.art\/de\/ausstellung\/","title":{"rendered":"Ausstellung"},"content":{"rendered":"\t\t<div data-elementor-type=\"wp-page\" data-elementor-id=\"1541\" class=\"elementor elementor-1541 elementor-1516\" data-elementor-post-type=\"page\">\n\t\t\t\t<div class=\"elementor-element elementor-element-2a724ef3 e-con-full e-flex e-con e-parent\" data-id=\"2a724ef3\" data-element_type=\"container\" data-e-type=\"container\" data-settings=\"{&quot;background_background&quot;:&quot;classic&quot;}\">\n\t\t<div class=\"elementor-element elementor-element-37278401 e-con-full e-flex e-con e-child\" data-id=\"37278401\" data-element_type=\"container\" data-e-type=\"container\">\n\t\t\t\t<\/div>\n\t\t<div class=\"elementor-element elementor-element-413bd3cb e-con-full e-flex e-con e-child\" data-id=\"413bd3cb\" data-element_type=\"container\" data-e-type=\"container\">\n\t\t\t\t<div class=\"elementor-element elementor-element-655f71be elementor-widget elementor-widget-text-editor\" data-id=\"655f71be\" data-element_type=\"widget\" data-e-type=\"widget\" data-widget_type=\"text-editor.default\">\n\t\t\t\t\t\t\t\t\t<p><strong>AUSSTELLUNG<\/strong><br><strong>ANGELA CIOBANU<\/strong><br><br><strong>ORT<\/strong><br>Klostereck<br>Landsberg am Lech<br>Hubert-von-Herkomerstra\u00dfe<\/p><p><strong>ER\u00d6FFNUNGSEMPFANG<\/strong><br>Montag, 23. Februar 2026, 18:00 Uhr<\/p><p><strong>\u00d6FFNUNGSZEITEN<\/strong><br>Dienstag, 24. Februar: 16:00\u201320:00 Uhr<\/p><p>Mittwoch, 25. Februar: 16:00\u201320:00 Uhr<\/p><p>Donnerstag, 26. Februar: 16:00\u201320:00 Uhr<\/p><p>Freitag, 27. Februar: 16:00\u201320:00 Uhr<\/p><p>Samstag, 28. Februar: 10:00\u201313:00 Uhr<\/p>\t\t\t\t\t\t\t\t<\/div>\n\t\t\t\t<\/div>\n\t\t\t\t<\/div>\n\t\t<div class=\"elementor-element elementor-element-33140b14 e-con-full e-flex e-con e-parent\" data-id=\"33140b14\" data-element_type=\"container\" data-e-type=\"container\" data-settings=\"{&quot;background_background&quot;:&quot;classic&quot;}\">\n\t\t\t\t<div class=\"elementor-element elementor-element-624a88da elementor-widget elementor-widget-heading\" data-id=\"624a88da\" data-element_type=\"widget\" data-e-type=\"widget\" data-widget_type=\"heading.default\">\n\t\t\t\t\t<h2 class=\"elementor-heading-title elementor-size-default\">Presseartikel &amp; Posts<\/h2>\t\t\t\t<\/div>\n\t\t\t\t<div class=\"elementor-element elementor-element-5eb80efb elementor-skin-carousel elementor-widget elementor-widget-media-carousel\" data-id=\"5eb80efb\" data-element_type=\"widget\" data-e-type=\"widget\" data-settings=\"{&quot;slides_per_view&quot;:&quot;5&quot;,&quot;slides_to_scroll&quot;:&quot;1&quot;,&quot;space_between&quot;:{&quot;unit&quot;:&quot;px&quot;,&quot;size&quot;:31,&quot;sizes&quot;:[]},&quot;slides_per_view_tablet&quot;:&quot;4&quot;,&quot;slides_per_view_mobile&quot;:&quot;2&quot;,&quot;skin&quot;:&quot;carousel&quot;,&quot;effect&quot;:&quot;slide&quot;,&quot;speed&quot;:500,&quot;autoplay&quot;:&quot;yes&quot;,&quot;autoplay_speed&quot;:5000,&quot;loop&quot;:&quot;yes&quot;,&quot;pause_on_hover&quot;:&quot;yes&quot;,&quot;pause_on_interaction&quot;:&quot;yes&quot;,&quot;space_between_tablet&quot;:{&quot;unit&quot;:&quot;px&quot;,&quot;size&quot;:10,&quot;sizes&quot;:[]},&quot;space_between_mobile&quot;:{&quot;unit&quot;:&quot;px&quot;,&quot;size&quot;:10,&quot;sizes&quot;:[]}}\" data-widget_type=\"media-carousel.default\">\n\t\t\t\t\t\t\t\t\t\t<div class=\"elementor-main-swiper swiper\" role=\"region\" aria-roledescription=\"carousel\" aria-label=\"Slides\">\n\t\t\t\t<div class=\"swiper-wrapper\">\n\t\t\t\t\t\t\t\t\t\t\t<div class=\"swiper-slide\" role=\"group\" aria-roledescription=\"slide\">\n\t\t\t\t\t\t\t<a href=\"http:\/\/kronenringe.art\/wp-content\/uploads\/2026\/02\/20260115_Landsberger_Tagblatt_Seite_22-KRO_Angela_Ciobanu_Artikel.pdf\" target=\"_blank\">\t\t<div class=\"elementor-carousel-image\" role=\"img\" aria-label=\"20260115_Landsberger_Tagblatt_Seite_22 KRO_Angela_Ciobanu_Artikel\" style=\"background-image: url(&#039;https:\/\/kronenringe.art\/wp-content\/uploads\/2026\/02\/20260115_Landsberger_Tagblatt_Seite_22-KRO_Angela_Ciobanu_Artikel.webp&#039;)\">\n\n\t\t\t\n\t\t\t\t\t<\/div>\n\t\t<\/a>\t\t\t\t\t\t<\/div>\n\t\t\t\t\t\t\t\t\t\t\t<div class=\"swiper-slide\" role=\"group\" aria-roledescription=\"slide\">\n\t\t\t\t\t\t\t<a href=\"http:\/\/kronenringe.art\/wp-content\/uploads\/2026\/02\/20251024_Landsberger_Tagblatt_Seite_21-Kronenringe_Artikel.pdf\" target=\"_blank\">\t\t<div class=\"elementor-carousel-image\" role=\"img\" aria-label=\"20251024_Landsberger_Tagblatt_Seite_21 Kronenringe_Artikel\" style=\"background-image: url(&#039;https:\/\/kronenringe.art\/wp-content\/uploads\/2026\/02\/20251024_Landsberger_Tagblatt_Seite_21-Kronenringe_Artikel.png&#039;)\">\n\n\t\t\t\n\t\t\t\t\t<\/div>\n\t\t<\/a>\t\t\t\t\t\t<\/div>\n\t\t\t\t\t\t\t\t\t\t\t<div class=\"swiper-slide\" role=\"group\" aria-roledescription=\"slide\">\n\t\t\t\t\t\t\t<a href=\"http:\/\/kronenringe.art\/wp-content\/uploads\/2026\/02\/20260121-Kreisbote-Landsberg-Artikel-1.png\" target=\"_blank\">\t\t<div class=\"elementor-carousel-image\" role=\"img\" aria-label=\"20260121-Kreisbote-Landsberg-Artikel\" style=\"background-image: url(&#039;https:\/\/kronenringe.art\/wp-content\/uploads\/2026\/02\/20260121-Kreisbote-Landsberg-Artikel.webp&#039;)\">\n\n\t\t\t\n\t\t\t\t\t<\/div>\n\t\t<\/a>\t\t\t\t\t\t<\/div>\n\t\t\t\t\t\t\t\t\t\t\t<div class=\"swiper-slide\" role=\"group\" aria-roledescription=\"slide\">\n\t\t\t\t\t\t\t\t\t<div class=\"elementor-carousel-image\" role=\"img\" aria-label=\"Instagram LT Angela Ciobanu 1\" style=\"background-image: url(&#039;https:\/\/kronenringe.art\/wp-content\/uploads\/2026\/02\/Instagram-LT-Angela-Ciobanu-1.webp&#039;)\">\n\n\t\t\t\n\t\t\t\t\t<\/div>\n\t\t\t\t\t\t\t\t<\/div>\n\t\t\t\t\t\t\t\t\t<\/div>\n\t\t\t\t\t\t\t\t\t\t\t\t\t\t\t\t\t\t\t\t\t<\/div>\n\t\t\t\t\t\t\t\t<\/div>\n\t\t\t\t<\/div>\n\t\t\t\t<\/div>\n\t\t","protected":false},"excerpt":{"rendered":"<p>AUSSTELLUNGANGELA CIOBANU ORTKlostereckLandsberg am LechHubert-von-Herkomerstra\u00dfe ER\u00d6FFNUNGSEMPFANGMontag, 23. Februar 2026, 18:00 Uhr \u00d6FFNUNGSZEITENDienstag, 24. Februar: 16:00\u201320:00 Uhr Mittwoch, 25. Februar: 16:00\u201320:00 Uhr Donnerstag, 26. Februar: 16:00\u201320:00 Uhr Freitag, 27. Februar: 16:00\u201320:00 Uhr Samstag, 28. Februar: 10:00\u201313:00 Uhr Presseartikel &amp; Posts<\/p>\n","protected":false},"author":1,"featured_media":0,"parent":0,"menu_order":0,"comment_status":"closed","ping_status":"closed","template":"elementor_header_footer","meta":{"footnotes":""},"class_list":["post-1541","page","type-page","status-publish","hentry"],"_links":{"self":[{"href":"https:\/\/kronenringe.art\/de\/wp-json\/wp\/v2\/pages\/1541","targetHints":{"allow":["GET"]}}],"collection":[{"href":"https:\/\/kronenringe.art\/de\/wp-json\/wp\/v2\/pages"}],"about":[{"href":"https:\/\/kronenringe.art\/de\/wp-json\/wp\/v2\/types\/page"}],"author":[{"embeddable":true,"href":"https:\/\/kronenringe.art\/de\/wp-json\/wp\/v2\/users\/1"}],"replies":[{"embeddable":true,"href":"https:\/\/kronenringe.art\/de\/wp-json\/wp\/v2\/comments?post=1541"}],"version-history":[{"count":8,"href":"https:\/\/kronenringe.art\/de\/wp-json\/wp\/v2\/pages\/1541\/revisions"}],"predecessor-version":[{"id":1604,"href":"https:\/\/kronenringe.art\/de\/wp-json\/wp\/v2\/pages\/1541\/revisions\/1604"}],"wp:attachment":[{"href":"https:\/\/kronenringe.art\/de\/wp-json\/wp\/v2\/media?parent=1541"}],"curies":[{"name":"wp","href":"https:\/\/api.w.org\/{rel}","templated":true}]}}