{"id":1492,"date":"2026-02-09T23:15:56","date_gmt":"2026-02-09T23:15:56","guid":{"rendered":"https:\/\/kronenringe.art\/?page_id=1492"},"modified":"2026-02-09T23:34:42","modified_gmt":"2026-02-09T23:34:42","slug":"unterstuetzung-und-beratung","status":"publish","type":"page","link":"https:\/\/kronenringe.art\/de\/unterstuetzung-und-beratung\/","title":{"rendered":"Support and advice"},"content":{"rendered":"\t\t<div data-elementor-type=\"wp-page\" data-elementor-id=\"1492\" class=\"elementor elementor-1492 elementor-1470\" data-elementor-post-type=\"page\">\n\t\t\t\t<div class=\"elementor-element elementor-element-2a724ef3 e-con-full e-flex e-con e-parent\" data-id=\"2a724ef3\" data-element_type=\"container\" data-e-type=\"container\" data-settings=\"{&quot;background_background&quot;:&quot;classic&quot;}\">\n\t\t<div class=\"elementor-element elementor-element-37278401 e-con-full e-flex e-con e-child\" data-id=\"37278401\" data-element_type=\"container\" data-e-type=\"container\">\n\t\t\t\t<div class=\"elementor-element elementor-element-17584ce elementor-widget elementor-widget-heading\" data-id=\"17584ce\" data-element_type=\"widget\" data-e-type=\"widget\" data-settings=\"{&quot;motion_fx_motion_fx_scrolling&quot;:&quot;yes&quot;,&quot;motion_fx_translateY_effect&quot;:&quot;yes&quot;,&quot;motion_fx_translateY_direction&quot;:&quot;negative&quot;,&quot;motion_fx_translateY_affectedRange&quot;:{&quot;unit&quot;:&quot;%&quot;,&quot;size&quot;:&quot;&quot;,&quot;sizes&quot;:{&quot;start&quot;:50,&quot;end&quot;:100}},&quot;motion_fx_devices&quot;:[&quot;desktop&quot;,&quot;tablet&quot;],&quot;motion_fx_translateY_speed&quot;:{&quot;unit&quot;:&quot;px&quot;,&quot;size&quot;:4,&quot;sizes&quot;:[]}}\" data-widget_type=\"heading.default\">\n\t\t\t\t\t<h1 class=\"elementor-heading-title elementor-size-default\">Unterst\u00fctzung<\/h1>\t\t\t\t<\/div>\n\t\t\t\t<div class=\"elementor-element elementor-element-f360ecb elementor-widget elementor-widget-heading\" data-id=\"f360ecb\" data-element_type=\"widget\" data-e-type=\"widget\" data-settings=\"{&quot;motion_fx_motion_fx_scrolling&quot;:&quot;yes&quot;,&quot;motion_fx_translateY_effect&quot;:&quot;yes&quot;,&quot;motion_fx_translateY_direction&quot;:&quot;negative&quot;,&quot;motion_fx_translateY_affectedRange&quot;:{&quot;unit&quot;:&quot;%&quot;,&quot;size&quot;:&quot;&quot;,&quot;sizes&quot;:{&quot;start&quot;:50,&quot;end&quot;:100}},&quot;motion_fx_devices&quot;:[&quot;desktop&quot;,&quot;tablet&quot;],&quot;motion_fx_translateY_speed&quot;:{&quot;unit&quot;:&quot;px&quot;,&quot;size&quot;:4,&quot;sizes&quot;:[]}}\" data-widget_type=\"heading.default\">\n\t\t\t\t\t<h4 class=\"elementor-heading-title elementor-size-default\">In memoriam Barbara Helleis<\/h4>\t\t\t\t<\/div>\n\t\t\t\t<div class=\"elementor-element elementor-element-fc1cc1f elementor-widget elementor-widget-heading\" data-id=\"fc1cc1f\" data-element_type=\"widget\" data-e-type=\"widget\" data-settings=\"{&quot;motion_fx_motion_fx_scrolling&quot;:&quot;yes&quot;,&quot;motion_fx_translateY_effect&quot;:&quot;yes&quot;,&quot;motion_fx_translateY_direction&quot;:&quot;negative&quot;,&quot;motion_fx_translateY_affectedRange&quot;:{&quot;unit&quot;:&quot;%&quot;,&quot;size&quot;:&quot;&quot;,&quot;sizes&quot;:{&quot;start&quot;:50,&quot;end&quot;:100}},&quot;motion_fx_devices&quot;:[&quot;desktop&quot;,&quot;tablet&quot;],&quot;motion_fx_translateY_speed&quot;:{&quot;unit&quot;:&quot;px&quot;,&quot;size&quot;:4,&quot;sizes&quot;:[]}}\" data-widget_type=\"heading.default\">\n\t\t\t\t\t<h1 class=\"elementor-heading-title elementor-size-default\">Kronenringe: Schmuckresidenz f\u00fcr Nachwuchsk\u00fcnstler*innen<\/h1>\t\t\t\t<\/div>\n\t\t\t\t<\/div>\n\t\t<div class=\"elementor-element elementor-element-413bd3cb e-con-full e-flex e-con e-child\" data-id=\"413bd3cb\" data-element_type=\"container\" data-e-type=\"container\">\n\t\t\t\t<div class=\"elementor-element elementor-element-655f71be elementor-widget elementor-widget-text-editor\" data-id=\"655f71be\" data-element_type=\"widget\" data-e-type=\"widget\" data-widget_type=\"text-editor.default\">\n\t\t\t\t\t\t\t\t\t<p data-start=\"2190\" data-end=\"2284\">Die Residenz wird von etablierten Institutionen unterst\u00fctzt, darunter:<\/p><ul><li><span class=\"a_GcMg font-feature-liga-off font-feature-clig-off font-feature-calt-off text-decoration-none text-strikethrough-none\">Staatliche Berufsfachschule f\u00fcr Glas und Schmuck Kaufbeuren-Neugablonz<\/span><\/li><li><span class=\"a_GcMg font-feature-liga-off font-feature-clig-off font-feature-calt-off text-decoration-none text-strikethrough-none\">Akademie der Bildenden K\u00fcnste M\u00fcnchen<\/span><\/li><li><span class=\"a_GcMg font-feature-liga-off font-feature-clig-off font-feature-calt-off text-decoration-none text-strikethrough-none\">Galerie handwerk<\/span><\/li><li><span class=\"a_GcMg font-feature-liga-off font-feature-clig-off font-feature-calt-off text-decoration-none text-strikethrough-none\">Handwerkskammer f\u00fcr M\u00fcnchen und Oberbayern<\/span><\/li><li><span class=\"a_GcMg font-feature-liga-off font-feature-clig-off font-feature-calt-off text-decoration-none text-strikethrough-none\">Klasse f\u00fcr Schmuck und Ger\u00e4t, <\/span>Prof. Karen Pontoppidan<\/li><li><span class=\"a_GcMg font-feature-liga-off font-feature-clig-off font-feature-calt-off text-decoration-none text-strikethrough-none\">Bayerischer Kunstgewerbeverein e. V.<\/span><\/li><li><span class=\"a_GcMg font-feature-liga-off font-feature-clig-off font-feature-calt-off text-decoration-none text-strikethrough-none\">Benno und Therese Danner\u2019sche Kunstgewerbestiftung<\/span><\/li><li><span class=\"a_GcMg font-feature-liga-off font-feature-clig-off font-feature-calt-off text-decoration-none text-strikethrough-none\">Res Artis<\/span><\/li><li><span class=\"a_GcMg font-feature-liga-off font-feature-clig-off font-feature-calt-off text-decoration-none text-strikethrough-none\">Inhorgenta M\u00fcnchen<\/span><\/li><li><span class=\"a_GcMg font-feature-liga-off font-feature-clig-off font-feature-calt-off text-decoration-none text-strikethrough-none\">GZ Goldschmiedezeitung<\/span><\/li><li><span class=\"a_GcMg font-feature-liga-off font-feature-clig-off font-feature-calt-off text-decoration-none text-strikethrough-none\">Art Aurea<\/span><\/li><li>SMCK Magazin<\/li><\/ul><p data-start=\"2554\" data-end=\"2744\">Diese Partner tragen durch <strong data-start=\"2588\" data-end=\"2679\">fachkundige Betreuung, Workshops, Jurybeteiligung, Ausstellungen und internationale Netzwerke<\/strong> bei und sichern so die hohe Qualit\u00e4t und nachhaltige Wirkung der Residenz.<\/p>\t\t\t\t\t\t\t\t<\/div>\n\t\t\t\t<\/div>\n\t\t\t\t<\/div>\n\t\t<div class=\"elementor-element elementor-element-72ca50a e-flex e-con-boxed e-con e-parent\" data-id=\"72ca50a\" data-element_type=\"container\" data-e-type=\"container\">\n\t\t\t\t\t<div class=\"e-con-inner\">\n\t\t\t\t\t<\/div>\n\t\t\t\t<\/div>\n\t\t\t\t<\/div>\n\t\t","protected":false},"excerpt":{"rendered":"<p>Unterst\u00fctzung In memoriam Barbara Helleis Kronenringe: Schmuckresidenz f\u00fcr Nachwuchsk\u00fcnstler*innen Die Residenz wird von etablierten Institutionen unterst\u00fctzt, darunter: Staatliche Berufsfachschule f\u00fcr Glas und Schmuck Kaufbeuren-Neugablonz Akademie der Bildenden K\u00fcnste M\u00fcnchen Galerie handwerk Handwerkskammer f\u00fcr M\u00fcnchen und Oberbayern Klasse f\u00fcr Schmuck und Ger\u00e4t, Prof. Karen Pontoppidan Bayerischer Kunstgewerbeverein e. V. Benno und Therese Danner\u2019sche Kunstgewerbestiftung Res Artis [&hellip;]<\/p>\n","protected":false},"author":1,"featured_media":0,"parent":0,"menu_order":0,"comment_status":"closed","ping_status":"closed","template":"elementor_header_footer","meta":{"footnotes":""},"class_list":["post-1492","page","type-page","status-publish","hentry"],"_links":{"self":[{"href":"https:\/\/kronenringe.art\/de\/wp-json\/wp\/v2\/pages\/1492","targetHints":{"allow":["GET"]}}],"collection":[{"href":"https:\/\/kronenringe.art\/de\/wp-json\/wp\/v2\/pages"}],"about":[{"href":"https:\/\/kronenringe.art\/de\/wp-json\/wp\/v2\/types\/page"}],"author":[{"embeddable":true,"href":"https:\/\/kronenringe.art\/de\/wp-json\/wp\/v2\/users\/1"}],"replies":[{"embeddable":true,"href":"https:\/\/kronenringe.art\/de\/wp-json\/wp\/v2\/comments?post=1492"}],"version-history":[{"count":7,"href":"https:\/\/kronenringe.art\/de\/wp-json\/wp\/v2\/pages\/1492\/revisions"}],"predecessor-version":[{"id":1519,"href":"https:\/\/kronenringe.art\/de\/wp-json\/wp\/v2\/pages\/1492\/revisions\/1519"}],"wp:attachment":[{"href":"https:\/\/kronenringe.art\/de\/wp-json\/wp\/v2\/media?parent=1492"}],"curies":[{"name":"wp","href":"https:\/\/api.w.org\/{rel}","templated":true}]}}