{"id":1445,"date":"2025-09-09T09:33:23","date_gmt":"2025-09-09T09:33:23","guid":{"rendered":"https:\/\/kronenringe.art\/presse\/"},"modified":"2025-12-26T00:03:01","modified_gmt":"2025-12-26T00:03:01","slug":"presse","status":"publish","type":"page","link":"https:\/\/kronenringe.art\/de\/presse\/","title":{"rendered":"Presse"},"content":{"rendered":"\t\t<div data-elementor-type=\"wp-page\" data-elementor-id=\"1445\" class=\"elementor elementor-1445 elementor-1085\" data-elementor-post-type=\"page\">\n\t\t\t\t<div class=\"elementor-element elementor-element-2a724ef3 e-con-full e-flex e-con e-parent\" data-id=\"2a724ef3\" data-element_type=\"container\" data-e-type=\"container\" data-settings=\"{&quot;background_background&quot;:&quot;classic&quot;}\">\n\t\t<div class=\"elementor-element elementor-element-37278401 e-con-full e-flex e-con e-child\" data-id=\"37278401\" data-element_type=\"container\" data-e-type=\"container\">\n\t\t\t\t<div class=\"elementor-element elementor-element-17584ce elementor-widget elementor-widget-heading\" data-id=\"17584ce\" data-element_type=\"widget\" data-e-type=\"widget\" data-settings=\"{&quot;motion_fx_motion_fx_scrolling&quot;:&quot;yes&quot;,&quot;motion_fx_translateY_effect&quot;:&quot;yes&quot;,&quot;motion_fx_translateY_direction&quot;:&quot;negative&quot;,&quot;motion_fx_translateY_affectedRange&quot;:{&quot;unit&quot;:&quot;%&quot;,&quot;size&quot;:&quot;&quot;,&quot;sizes&quot;:{&quot;start&quot;:50,&quot;end&quot;:100}},&quot;motion_fx_devices&quot;:[&quot;desktop&quot;,&quot;tablet&quot;],&quot;motion_fx_translateY_speed&quot;:{&quot;unit&quot;:&quot;px&quot;,&quot;size&quot;:4,&quot;sizes&quot;:[]}}\" data-widget_type=\"heading.default\">\n\t\t\t\t\t<h1 class=\"elementor-heading-title elementor-size-default\">Presse &amp; Partnerressourcen<\/h1>\t\t\t\t<\/div>\n\t\t<div class=\"elementor-element elementor-element-479478c8 e-con-full e-flex e-con e-child\" data-id=\"479478c8\" data-element_type=\"container\" data-e-type=\"container\">\n\t\t\t\t<div class=\"elementor-element elementor-element-4ae05c2b elementor-widget elementor-widget-text-editor\" data-id=\"4ae05c2b\" data-element_type=\"widget\" data-e-type=\"widget\" data-widget_type=\"text-editor.default\">\n\t\t\t\t\t\t\t\t\t<p data-start=\"313\" data-end=\"539\">Wir stellen Presse und Partnern gebrauchsfertige Materialien zur Verf\u00fcgung, um Ihre Berichterstattung \u00fcber die <em data-start=\"403\" data-end=\"436\">Kronenringe Jewellery Residency<\/em> zu unterst\u00fctzen. Gerne k\u00f6nnen Sie diese Texte und Bilder in Ihren Beitr\u00e4gen, Artikeln, Newslettern und Nachrichten verwenden.<\/p><ul data-start=\"541\" data-end=\"739\"><li data-start=\"541\" data-end=\"612\"><p data-start=\"543\" data-end=\"612\"><strong data-start=\"543\" data-end=\"552\">Texte<\/strong> \u2013 vorbereitet f\u00fcr soziale Medien, Pressemitteilungen und Mailings<\/p><\/li><li data-start=\"613\" data-end=\"662\"><p data-start=\"615\" data-end=\"662\"><strong data-start=\"615\" data-end=\"625\">Bilder<\/strong> \u2013 optimiert f\u00fcr Social-Media-Beitr\u00e4ge<\/p><\/li><li data-start=\"663\" data-end=\"739\"><p data-start=\"665\" data-end=\"739\"><strong data-start=\"665\" data-end=\"675\">Fotos<\/strong> \u2013 hochaufl\u00f6send, geeignet f\u00fcr Artikel, Websites und Print<\/p><\/li><\/ul><p data-start=\"741\" data-end=\"807\">Alle Materialien stehen zum <strong data-start=\"773\" data-end=\"790\">Download<\/strong> zur Verf\u00fcgung.<\/p><p data-start=\"809\" data-end=\"908\">Bitte nennen Sie als Quelle:  <em data-start=\"824\" data-end=\"906\">Kronenringe \u2013 Jewellery Residency for Emerging Artists \/ dieKunstBauStelle e. V.<\/em><\/p>\t\t\t\t\t\t\t\t<\/div>\n\t\t\t\t<div class=\"elementor-element elementor-element-dd76dcd elementor-widget elementor-widget-button\" data-id=\"dd76dcd\" data-element_type=\"widget\" data-e-type=\"widget\" data-widget_type=\"button.default\">\n\t\t\t\t\t\t\t\t\t\t<a class=\"elementor-button elementor-button-link elementor-size-sm\" href=\"https:\/\/www.dropbox.com\/scl\/fo\/vx60mzp2yhu5xqk0rfc89\/AHp8uzkalEQwHywJrozBWNY?rlkey=73t6p84q1267fr2ejo49alqok&#038;dl=0\" target=\"_blank\">\n\t\t\t\t\t\t<span class=\"elementor-button-content-wrapper\">\n\t\t\t\t\t\t<span class=\"elementor-button-icon\">\n\t\t\t\t<svg aria-hidden=\"true\" class=\"e-font-icon-svg e-far-arrow-alt-circle-down\" viewBox=\"0 0 512 512\" xmlns=\"http:\/\/www.w3.org\/2000\/svg\"><path d=\"M256 8C119 8 8 119 8 256s111 248 248 248 248-111 248-248S393 8 256 8zm0 448c-110.5 0-200-89.5-200-200S145.5 56 256 56s200 89.5 200 200-89.5 200-200 200zm-32-316v116h-67c-10.7 0-16 12.9-8.5 20.5l99 99c4.7 4.7 12.3 4.7 17 0l99-99c7.6-7.6 2.2-20.5-8.5-20.5h-67V140c0-6.6-5.4-12-12-12h-40c-6.6 0-12 5.4-12 12z\"><\/path><\/svg>\t\t\t<\/span>\n\t\t\t\t\t\t\t\t\t<span class=\"elementor-button-text\">hier herunterladen<\/span>\n\t\t\t\t\t<\/span>\n\t\t\t\t\t<\/a>\n\t\t\t\t\t\t\t\t<\/div>\n\t\t\t\t<\/div>\n\t\t\t\t<\/div>\n\t\t\t\t<\/div>\n\t\t\t\t<\/div>\n\t\t","protected":false},"excerpt":{"rendered":"<p>Presse &amp; Partnerressourcen Wir stellen Presse und Partnern gebrauchsfertige Materialien zur Verf\u00fcgung, um Ihre Berichterstattung \u00fcber die Kronenringe Jewellery Residency zu unterst\u00fctzen. Gerne k\u00f6nnen Sie diese Texte und Bilder in Ihren Beitr\u00e4gen, Artikeln, Newslettern und Nachrichten verwenden. Texte \u2013 vorbereitet f\u00fcr soziale Medien, Pressemitteilungen und Mailings Bilder \u2013 optimiert f\u00fcr Social-Media-Beitr\u00e4ge Fotos \u2013 hochaufl\u00f6send, geeignet [&hellip;]<\/p>\n","protected":false},"author":1,"featured_media":0,"parent":0,"menu_order":0,"comment_status":"closed","ping_status":"closed","template":"elementor_header_footer","meta":{"footnotes":""},"class_list":["post-1445","page","type-page","status-publish","hentry"],"_links":{"self":[{"href":"https:\/\/kronenringe.art\/de\/wp-json\/wp\/v2\/pages\/1445","targetHints":{"allow":["GET"]}}],"collection":[{"href":"https:\/\/kronenringe.art\/de\/wp-json\/wp\/v2\/pages"}],"about":[{"href":"https:\/\/kronenringe.art\/de\/wp-json\/wp\/v2\/types\/page"}],"author":[{"embeddable":true,"href":"https:\/\/kronenringe.art\/de\/wp-json\/wp\/v2\/users\/1"}],"replies":[{"embeddable":true,"href":"https:\/\/kronenringe.art\/de\/wp-json\/wp\/v2\/comments?post=1445"}],"version-history":[{"count":1,"href":"https:\/\/kronenringe.art\/de\/wp-json\/wp\/v2\/pages\/1445\/revisions"}],"predecessor-version":[{"id":1447,"href":"https:\/\/kronenringe.art\/de\/wp-json\/wp\/v2\/pages\/1445\/revisions\/1447"}],"wp:attachment":[{"href":"https:\/\/kronenringe.art\/de\/wp-json\/wp\/v2\/media?parent=1445"}],"curies":[{"name":"wp","href":"https:\/\/api.w.org\/{rel}","templated":true}]}}