{"id":1422,"date":"2025-12-25T20:23:03","date_gmt":"2025-12-25T20:23:03","guid":{"rendered":"https:\/\/kronenringe.art\/unterstuetzung\/"},"modified":"2026-02-09T23:16:37","modified_gmt":"2026-02-09T23:16:37","slug":"sponsoren-und-stiftungen","status":"publish","type":"page","link":"https:\/\/kronenringe.art\/de\/sponsoren-und-stiftungen\/","title":{"rendered":"Sponsoren und Stiftungen"},"content":{"rendered":"\t\t<div data-elementor-type=\"wp-page\" data-elementor-id=\"1422\" class=\"elementor elementor-1422 elementor-1399\" data-elementor-post-type=\"page\">\n\t\t\t\t<div class=\"elementor-element elementor-element-2a724ef3 e-con-full e-flex e-con e-parent\" data-id=\"2a724ef3\" data-element_type=\"container\" data-e-type=\"container\" data-settings=\"{&quot;background_background&quot;:&quot;classic&quot;}\">\n\t\t<div class=\"elementor-element elementor-element-37278401 e-con-full e-flex e-con e-child\" data-id=\"37278401\" data-element_type=\"container\" data-e-type=\"container\">\n\t\t\t\t<div class=\"elementor-element elementor-element-17584ce elementor-widget elementor-widget-heading\" data-id=\"17584ce\" data-element_type=\"widget\" data-e-type=\"widget\" data-settings=\"{&quot;motion_fx_motion_fx_scrolling&quot;:&quot;yes&quot;,&quot;motion_fx_translateY_effect&quot;:&quot;yes&quot;,&quot;motion_fx_translateY_direction&quot;:&quot;negative&quot;,&quot;motion_fx_translateY_affectedRange&quot;:{&quot;unit&quot;:&quot;%&quot;,&quot;size&quot;:&quot;&quot;,&quot;sizes&quot;:{&quot;start&quot;:50,&quot;end&quot;:100}},&quot;motion_fx_devices&quot;:[&quot;desktop&quot;,&quot;tablet&quot;],&quot;motion_fx_translateY_speed&quot;:{&quot;unit&quot;:&quot;px&quot;,&quot;size&quot;:4,&quot;sizes&quot;:[]}}\" data-widget_type=\"heading.default\">\n\t\t\t\t\t<h1 class=\"elementor-heading-title elementor-size-default\">Unterst\u00fctzung<\/h1>\t\t\t\t<\/div>\n\t\t\t\t<div class=\"elementor-element elementor-element-f360ecb elementor-widget elementor-widget-heading\" data-id=\"f360ecb\" data-element_type=\"widget\" data-e-type=\"widget\" data-settings=\"{&quot;motion_fx_motion_fx_scrolling&quot;:&quot;yes&quot;,&quot;motion_fx_translateY_effect&quot;:&quot;yes&quot;,&quot;motion_fx_translateY_direction&quot;:&quot;negative&quot;,&quot;motion_fx_translateY_affectedRange&quot;:{&quot;unit&quot;:&quot;%&quot;,&quot;size&quot;:&quot;&quot;,&quot;sizes&quot;:{&quot;start&quot;:50,&quot;end&quot;:100}},&quot;motion_fx_devices&quot;:[&quot;desktop&quot;,&quot;tablet&quot;],&quot;motion_fx_translateY_speed&quot;:{&quot;unit&quot;:&quot;px&quot;,&quot;size&quot;:4,&quot;sizes&quot;:[]}}\" data-widget_type=\"heading.default\">\n\t\t\t\t\t<h4 class=\"elementor-heading-title elementor-size-default\">In memoriam Barbara Helleis<\/h4>\t\t\t\t<\/div>\n\t\t\t\t<div class=\"elementor-element elementor-element-fc1cc1f elementor-widget elementor-widget-heading\" data-id=\"fc1cc1f\" data-element_type=\"widget\" data-e-type=\"widget\" data-settings=\"{&quot;motion_fx_motion_fx_scrolling&quot;:&quot;yes&quot;,&quot;motion_fx_translateY_effect&quot;:&quot;yes&quot;,&quot;motion_fx_translateY_direction&quot;:&quot;negative&quot;,&quot;motion_fx_translateY_affectedRange&quot;:{&quot;unit&quot;:&quot;%&quot;,&quot;size&quot;:&quot;&quot;,&quot;sizes&quot;:{&quot;start&quot;:50,&quot;end&quot;:100}},&quot;motion_fx_devices&quot;:[&quot;desktop&quot;,&quot;tablet&quot;],&quot;motion_fx_translateY_speed&quot;:{&quot;unit&quot;:&quot;px&quot;,&quot;size&quot;:4,&quot;sizes&quot;:[]}}\" data-widget_type=\"heading.default\">\n\t\t\t\t\t<h1 class=\"elementor-heading-title elementor-size-default\">Kronenringe: Schmuckresidenz f\u00fcr Nachwuchsk\u00fcnstler*innen<\/h1>\t\t\t\t<\/div>\n\t\t\t\t<\/div>\n\t\t<div class=\"elementor-element elementor-element-413bd3cb e-con-full e-flex e-con e-child\" data-id=\"413bd3cb\" data-element_type=\"container\" data-e-type=\"container\">\n\t\t\t\t<div class=\"elementor-element elementor-element-655f71be elementor-widget elementor-widget-text-editor\" data-id=\"655f71be\" data-element_type=\"widget\" data-e-type=\"widget\" data-widget_type=\"text-editor.default\">\n\t\t\t\t\t\t\t\t\t<p data-start=\"2190\" data-end=\"2284\">Die Residenz wird von etablierten Unternehmen und Dienstleistern aus dem Schmuckhandwerk unterst\u00fctzt, darunter:<\/p><ul><li><strong>A. Ruppenthal KG<\/strong><\/li><li><strong>Gebr. Ott GmbH<\/strong><\/li><li><strong>BTS Galvanotechnik GmbH<\/strong><\/li><li><strong>Diam A.S. GmbH<\/strong><\/li><li><strong>Suma W. Malok GmbH<\/strong><\/li><li><strong>Karl Fischer GmbH<\/strong><\/li><li><strong>Dr. Bernhard Burger AG<\/strong><\/li><li><strong>Mannheimer Versicherung AG<\/strong><\/li><\/ul><p data-start=\"2554\" data-end=\"2744\"> <\/p><p data-start=\"2554\" data-end=\"2744\">Diese Partner unterst\u00fctzen uns finanziell und auch mit wertvollen Sachleistungen durch fachkundige Beratung, Edelsteine, Materialien, Werkzeuge und Dienstleistungen und sichern so die hohe Qualit\u00e4t der Residenz.<\/p>\t\t\t\t\t\t\t\t<\/div>\n\t\t\t\t<\/div>\n\t\t\t\t<\/div>\n\t\t<div class=\"elementor-element elementor-element-3b7d9f02 e-con-full e-flex e-con e-parent\" data-id=\"3b7d9f02\" data-element_type=\"container\" data-e-type=\"container\" data-settings=\"{&quot;background_background&quot;:&quot;classic&quot;}\">\n\t\t<div class=\"elementor-element elementor-element-2ace0fc2 e-con-full e-flex e-con e-child\" data-id=\"2ace0fc2\" data-element_type=\"container\" data-e-type=\"container\">\n\t\t\t\t<div class=\"elementor-element elementor-element-7fca3851 elementor-widget elementor-widget-heading\" data-id=\"7fca3851\" data-element_type=\"widget\" data-e-type=\"widget\" data-settings=\"{&quot;motion_fx_motion_fx_scrolling&quot;:&quot;yes&quot;,&quot;motion_fx_translateY_effect&quot;:&quot;yes&quot;,&quot;motion_fx_translateY_direction&quot;:&quot;negative&quot;,&quot;motion_fx_translateY_affectedRange&quot;:{&quot;unit&quot;:&quot;%&quot;,&quot;size&quot;:&quot;&quot;,&quot;sizes&quot;:{&quot;start&quot;:50,&quot;end&quot;:100}},&quot;motion_fx_devices&quot;:[&quot;desktop&quot;,&quot;tablet&quot;],&quot;motion_fx_translateY_speed&quot;:{&quot;unit&quot;:&quot;px&quot;,&quot;size&quot;:4,&quot;sizes&quot;:[]}}\" data-widget_type=\"heading.default\">\n\t\t\t\t\t<h2 class=\"elementor-heading-title elementor-size-default\">Unterst\u00fctzung durch Stiftungen<\/h2>\t\t\t\t<\/div>\n\t\t\t\t<\/div>\n\t\t<div class=\"elementor-element elementor-element-6d4e012e e-con-full e-flex e-con e-child\" data-id=\"6d4e012e\" data-element_type=\"container\" data-e-type=\"container\">\n\t\t\t\t<div class=\"elementor-element elementor-element-3cf9f383 elementor-widget elementor-widget-text-editor\" data-id=\"3cf9f383\" data-element_type=\"widget\" data-e-type=\"widget\" data-widget_type=\"text-editor.default\">\n\t\t\t\t\t\t\t\t\t<p>Die Residenz wird von der Siegfried Gebhart Stiftung gef\u00f6rdert, deren gro\u00dfz\u00fcgige Unterst\u00fctzung die Kronenringe Residenz erm\u00f6glicht.<\/p><ul><li>Siegfried Gebhart Stiftung<\/li><\/ul>\t\t\t\t\t\t\t\t<\/div>\n\t\t\t\t<\/div>\n\t\t\t\t<\/div>\n\t\t<div class=\"elementor-element elementor-element-72ca50a e-flex e-con-boxed e-con e-parent\" data-id=\"72ca50a\" data-element_type=\"container\" data-e-type=\"container\">\n\t\t\t\t\t<div class=\"e-con-inner\">\n\t\t\t\t\t<\/div>\n\t\t\t\t<\/div>\n\t\t\t\t<\/div>\n\t\t","protected":false},"excerpt":{"rendered":"<p>Unterst\u00fctzung In memoriam Barbara Helleis Kronenringe: Schmuckresidenz f\u00fcr Nachwuchsk\u00fcnstler*innen Die Residenz wird von etablierten Unternehmen und Dienstleistern aus dem Schmuckhandwerk unterst\u00fctzt, darunter: A. Ruppenthal KG Gebr. Ott GmbH BTS Galvanotechnik GmbH Diam A.S. GmbH Suma W. Malok GmbH Karl Fischer GmbH Dr. Bernhard Burger AG Mannheimer Versicherung AG Diese Partner unterst\u00fctzen uns finanziell und auch [&hellip;]<\/p>\n","protected":false},"author":1,"featured_media":0,"parent":0,"menu_order":0,"comment_status":"closed","ping_status":"closed","template":"elementor_header_footer","meta":{"footnotes":""},"class_list":["post-1422","page","type-page","status-publish","hentry"],"_links":{"self":[{"href":"https:\/\/kronenringe.art\/de\/wp-json\/wp\/v2\/pages\/1422","targetHints":{"allow":["GET"]}}],"collection":[{"href":"https:\/\/kronenringe.art\/de\/wp-json\/wp\/v2\/pages"}],"about":[{"href":"https:\/\/kronenringe.art\/de\/wp-json\/wp\/v2\/types\/page"}],"author":[{"embeddable":true,"href":"https:\/\/kronenringe.art\/de\/wp-json\/wp\/v2\/users\/1"}],"replies":[{"embeddable":true,"href":"https:\/\/kronenringe.art\/de\/wp-json\/wp\/v2\/comments?post=1422"}],"version-history":[{"count":3,"href":"https:\/\/kronenringe.art\/de\/wp-json\/wp\/v2\/pages\/1422\/revisions"}],"predecessor-version":[{"id":1503,"href":"https:\/\/kronenringe.art\/de\/wp-json\/wp\/v2\/pages\/1422\/revisions\/1503"}],"wp:attachment":[{"href":"https:\/\/kronenringe.art\/de\/wp-json\/wp\/v2\/media?parent=1422"}],"curies":[{"name":"wp","href":"https:\/\/api.w.org\/{rel}","templated":true}]}}