{"id":1163,"date":"2025-09-09T10:24:30","date_gmt":"2025-09-09T10:24:30","guid":{"rendered":"https:\/\/kronenringe.art\/spenden-und-unterstuetzen\/"},"modified":"2025-09-09T13:24:41","modified_gmt":"2025-09-09T13:24:41","slug":"spenden-und-unterstuetzen","status":"publish","type":"page","link":"https:\/\/kronenringe.art\/de\/spenden-und-unterstuetzen\/","title":{"rendered":"Spenden und unterst\u00fctzen"},"content":{"rendered":"\t\t<div data-elementor-type=\"wp-page\" data-elementor-id=\"1163\" class=\"elementor elementor-1163 elementor-1103\" data-elementor-post-type=\"page\">\n\t\t\t\t<div class=\"elementor-element elementor-element-2a724ef3 e-con-full e-flex e-con e-parent\" data-id=\"2a724ef3\" data-element_type=\"container\" data-e-type=\"container\" data-settings=\"{&quot;background_background&quot;:&quot;classic&quot;}\">\n\t\t<div class=\"elementor-element elementor-element-37278401 e-con-full e-flex e-con e-child\" data-id=\"37278401\" data-element_type=\"container\" data-e-type=\"container\">\n\t\t\t\t<div class=\"elementor-element elementor-element-17584ce elementor-widget elementor-widget-heading\" data-id=\"17584ce\" data-element_type=\"widget\" data-e-type=\"widget\" data-settings=\"{&quot;motion_fx_motion_fx_scrolling&quot;:&quot;yes&quot;,&quot;motion_fx_translateY_effect&quot;:&quot;yes&quot;,&quot;motion_fx_translateY_direction&quot;:&quot;negative&quot;,&quot;motion_fx_translateY_affectedRange&quot;:{&quot;unit&quot;:&quot;%&quot;,&quot;size&quot;:&quot;&quot;,&quot;sizes&quot;:{&quot;start&quot;:50,&quot;end&quot;:100}},&quot;motion_fx_devices&quot;:[&quot;desktop&quot;,&quot;tablet&quot;],&quot;motion_fx_translateY_speed&quot;:{&quot;unit&quot;:&quot;px&quot;,&quot;size&quot;:4,&quot;sizes&quot;:[]}}\" data-widget_type=\"heading.default\">\n\t\t\t\t\t<h1 class=\"elementor-heading-title elementor-size-default\">Spenden und unterst\u00fctzen<\/h1>\t\t\t\t<\/div>\n\t\t<div class=\"elementor-element elementor-element-479478c8 e-con-full e-flex e-con e-child\" data-id=\"479478c8\" data-element_type=\"container\" data-e-type=\"container\">\n\t\t\t\t<div class=\"elementor-element elementor-element-4ae05c2b elementor-widget elementor-widget-text-editor\" data-id=\"4ae05c2b\" data-element_type=\"widget\" data-e-type=\"widget\" data-widget_type=\"text-editor.default\">\n\t\t\t\t\t\t\t\t\t<p data-start=\"828\" data-end=\"1189\"><strong data-start=\"828\" data-end=\"869\">Ein Erbe bewahren \u2013 die Zukunft erm\u00f6glichen<\/strong><br data-start=\"869\" data-end=\"872\">Wir f\u00fchren die Tradition von Barbara Helleis\u2019 Schmuckwerkstatt in Landsberg am Lech fort und verwandeln sie in einen lebendigen Ort f\u00fcr Kunst und Handwerk. Mit der <em data-start=\"1031\" data-end=\"1054\">Kronenringe Residency<\/em> k\u00f6nnen junge Schmuckk\u00fcnstler*innen aus aller Welt hier vier Monate lang leben und arbeiten und neue Werke in einer einzigartigen Umgebung schaffen.<\/p><p data-start=\"1191\" data-end=\"1365\">Ihre Spende macht dies m\u00f6glich!<br data-start=\"1225\" data-end=\"1228\">Jeder Beitrag hilft uns, die Werkstatt zu erhalten, Stipendien zu vergeben und T\u00fcren f\u00fcr die n\u00e4chste Generation von Schmuckk\u00fcnstler*innen zu \u00f6ffnen.<\/p><p data-start=\"1367\" data-end=\"1627\"><strong data-start=\"1367\" data-end=\"1400\">Werden Sie Dauerspender*in<\/strong><br data-start=\"1400\" data-end=\"1403\">Mit einer <strong data-start=\"1411\" data-end=\"1430\">j\u00e4hrlichen Spende<\/strong> helfen Sie uns, zuverl\u00e4ssig zu planen und das Programm f\u00fcr die kommenden Jahre zu sichern. Spenden sind steuerlich absetzbar \u2013 und Sie werden Teil eines wachsenden Freundeskreises, der dieses kulturelle Erbe lebendig h\u00e4lt.<\/p>\t\t\t\t\t\t\t\t<\/div>\n\t\t\t\t<div class=\"elementor-element elementor-element-dd76dcd elementor-align-center elementor-widget elementor-widget-button\" data-id=\"dd76dcd\" data-element_type=\"widget\" data-e-type=\"widget\" data-widget_type=\"button.default\">\n\t\t\t\t\t\t\t\t\t\t<a class=\"elementor-button elementor-button-link elementor-size-sm\" href=\"https:\/\/www.betterplace.org\/de\/projects\/154392-spende-fuer-barbaras-schmuckwerkstatt-foerdere-junge-schmuckgestalter-innen\" target=\"_blank\">\n\t\t\t\t\t\t<span class=\"elementor-button-content-wrapper\">\n\t\t\t\t\t\t<span class=\"elementor-button-icon\">\n\t\t\t\t<svg aria-hidden=\"true\" class=\"e-font-icon-svg e-fas-hands\" viewBox=\"0 0 640 512\" xmlns=\"http:\/\/www.w3.org\/2000\/svg\"><path d=\"M204.8 230.4c-10.6-14.1-30.7-17-44.8-6.4-14.1 10.6-17 30.7-6.4 44.8l38.1 50.8c4.8 6.4 4.1 15.3-1.5 20.9l-12.8 12.8c-6.7 6.7-17.6 6.2-23.6-1.1L64 244.4V96c0-17.7-14.3-32-32-32S0 78.3 0 96v218.4c0 10.9 3.7 21.5 10.5 30l104.1 134.3c5 6.5 8.4 13.9 10.4 21.7 1.8 6.9 8.1 11.6 15.3 11.6H272c8.8 0 16-7.2 16-16V384c0-27.7-9-54.6-25.6-76.8l-57.6-76.8zM608 64c-17.7 0-32 14.3-32 32v148.4l-89.8 107.8c-6 7.2-17 7.7-23.6 1.1l-12.8-12.8c-5.6-5.6-6.3-14.5-1.5-20.9l38.1-50.8c10.6-14.1 7.7-34.2-6.4-44.8-14.1-10.6-34.2-7.7-44.8 6.4l-57.6 76.8C361 329.4 352 356.3 352 384v112c0 8.8 7.2 16 16 16h131.7c7.1 0 13.5-4.7 15.3-11.6 2-7.8 5.4-15.2 10.4-21.7l104.1-134.3c6.8-8.5 10.5-19.1 10.5-30V96c0-17.7-14.3-32-32-32z\"><\/path><\/svg>\t\t\t<\/span>\n\t\t\t\t\t\t\t\t\t<span class=\"elementor-button-text\">Jetzt spenden!<\/span>\n\t\t\t\t\t<\/span>\n\t\t\t\t\t<\/a>\n\t\t\t\t\t\t\t\t<\/div>\n\t\t\t\t<\/div>\n\t\t\t\t<\/div>\n\t\t\t\t<\/div>\n\t\t<div class=\"elementor-element elementor-element-a0651ce e-flex e-con-boxed e-con e-parent\" data-id=\"a0651ce\" data-element_type=\"container\" data-e-type=\"container\">\n\t\t\t\t\t<div class=\"e-con-inner\">\n\t\t\t\t<div class=\"elementor-element elementor-element-27cdb3b elementor-widget elementor-widget-html\" data-id=\"27cdb3b\" data-element_type=\"widget\" data-e-type=\"widget\" data-widget_type=\"html.default\">\n\t\t\t\t\t<script type=\"text\/javascript\">\n  \/* Configure at https:\/\/www.betterplace.org\/de\/manage\/projects\/154392-spende-fuer-barbaras-schmuckwerkstatt-foerdere-junge-schmuckgestalter-innen\/iframe_donation_form\/new *\/\n  var _bp_iframe        = _bp_iframe || {};\n  _bp_iframe.project_id = 154392; \/* REQUIRED *\/\n  _bp_iframe.lang       = 'de'; \/* Language of the form *\/\n  _bp_iframe.width = 600; \/* Custom iframe-tag-width, integer *\/\n  _bp_iframe.color = 'A75C96'; \/* Button and banderole color, hex without \"#\" *\/\n  _bp_iframe.background_color = 'ffffff'; \/* Background-color, hex without \"#\" *\/\n  _bp_iframe.default_amount = 120; \/* Donation-amount, integer 1-99 *\/\n  _bp_iframe.recurring_interval = 'yearly'; \/* Interval for recurring donations, string out of single, monthly und yearly *\/\n  _bp_iframe.bottom_logo = true;\n  (function() {\n    var bp = document.createElement('script'); bp.type = 'text\/javascript'; bp.async = true;\n    bp.src = 'https:\/\/betterplace-assets.betterplace.org\/assets\/load_donation_iframe.js';\n    var s = document.getElementsByTagName('script')[0]; s.parentNode.insertBefore(bp, s);\n  })();\n<\/script>\n<div id=\"betterplace_donation_iframe\" style=\"background: transparent url('https:\/\/www.betterplace.org\/assets\/new_spinner.gif') 275px 20px no-repeat;\"><strong><a href=\"https:\/\/www.betterplace.org\/de\/donate\/platform\/projects\/154392-spende-fuer-barbaras-schmuckwerkstatt-foerdere-junge-schmuckgestalter-innen\">Jetzt Spenden f\u00fcr \u201eSpende f\u00fcr Barbaras Schmuckwerkstatt, f\u00f6rdere junge Schmuckgestalter*innen!\u201c bei unserem Partner betterplace.org<\/a><\/strong><\/div>\n\t\t\t\t<\/div>\n\t\t\t\t\t<\/div>\n\t\t\t\t<\/div>\n\t\t\t\t<\/div>\n\t\t","protected":false},"excerpt":{"rendered":"<p>Spenden und unterst\u00fctzen Ein Erbe bewahren \u2013 die Zukunft erm\u00f6glichenWir f\u00fchren die Tradition von Barbara Helleis\u2019 Schmuckwerkstatt in Landsberg am Lech fort und verwandeln sie in einen lebendigen Ort f\u00fcr Kunst und Handwerk. Mit der Kronenringe Residency k\u00f6nnen junge Schmuckk\u00fcnstler*innen aus aller Welt hier vier Monate lang leben und arbeiten und neue Werke in einer [&hellip;]<\/p>\n","protected":false},"author":1,"featured_media":962,"parent":0,"menu_order":0,"comment_status":"closed","ping_status":"closed","template":"elementor_header_footer","meta":{"footnotes":""},"class_list":["post-1163","page","type-page","status-publish","has-post-thumbnail","hentry"],"_links":{"self":[{"href":"https:\/\/kronenringe.art\/de\/wp-json\/wp\/v2\/pages\/1163","targetHints":{"allow":["GET"]}}],"collection":[{"href":"https:\/\/kronenringe.art\/de\/wp-json\/wp\/v2\/pages"}],"about":[{"href":"https:\/\/kronenringe.art\/de\/wp-json\/wp\/v2\/types\/page"}],"author":[{"embeddable":true,"href":"https:\/\/kronenringe.art\/de\/wp-json\/wp\/v2\/users\/1"}],"replies":[{"embeddable":true,"href":"https:\/\/kronenringe.art\/de\/wp-json\/wp\/v2\/comments?post=1163"}],"version-history":[{"count":2,"href":"https:\/\/kronenringe.art\/de\/wp-json\/wp\/v2\/pages\/1163\/revisions"}],"predecessor-version":[{"id":1168,"href":"https:\/\/kronenringe.art\/de\/wp-json\/wp\/v2\/pages\/1163\/revisions\/1168"}],"wp:featuredmedia":[{"embeddable":true,"href":"https:\/\/kronenringe.art\/de\/wp-json\/wp\/v2\/media\/962"}],"wp:attachment":[{"href":"https:\/\/kronenringe.art\/de\/wp-json\/wp\/v2\/media?parent=1163"}],"curies":[{"name":"wp","href":"https:\/\/api.w.org\/{rel}","templated":true}]}}