{"id":986,"date":"2025-08-24T14:48:09","date_gmt":"2025-08-24T14:48:09","guid":{"rendered":"https:\/\/kronenringe.art\/startseite\/"},"modified":"2026-03-03T22:26:01","modified_gmt":"2026-03-03T22:26:01","slug":"startseite","status":"publish","type":"page","link":"http:\/\/kronenringe.art\/de\/","title":{"rendered":"Startseite"},"content":{"rendered":"\t\t<div data-elementor-type=\"wp-page\" data-elementor-id=\"986\" class=\"elementor elementor-986 elementor-246\" data-elementor-post-type=\"page\">\n\t\t\t\t<div class=\"elementor-element elementor-element-2a724ef3 e-con-full e-flex e-con e-parent\" data-id=\"2a724ef3\" data-element_type=\"container\" data-e-type=\"container\" data-settings=\"{&quot;background_background&quot;:&quot;classic&quot;}\">\n\t\t<div class=\"elementor-element elementor-element-37278401 e-con-full e-flex e-con e-child\" data-id=\"37278401\" data-element_type=\"container\" data-e-type=\"container\">\n\t\t\t\t<div class=\"elementor-element elementor-element-17584ce elementor-widget elementor-widget-heading\" data-id=\"17584ce\" data-element_type=\"widget\" data-e-type=\"widget\" data-settings=\"{&quot;motion_fx_motion_fx_scrolling&quot;:&quot;yes&quot;,&quot;motion_fx_translateY_effect&quot;:&quot;yes&quot;,&quot;motion_fx_translateY_direction&quot;:&quot;negative&quot;,&quot;motion_fx_translateY_affectedRange&quot;:{&quot;unit&quot;:&quot;%&quot;,&quot;size&quot;:&quot;&quot;,&quot;sizes&quot;:{&quot;start&quot;:50,&quot;end&quot;:100}},&quot;motion_fx_devices&quot;:[&quot;desktop&quot;,&quot;tablet&quot;],&quot;motion_fx_translateY_speed&quot;:{&quot;unit&quot;:&quot;px&quot;,&quot;size&quot;:4,&quot;sizes&quot;:[]}}\" data-widget_type=\"heading.default\">\n\t\t\t\t\t<h1 class=\"elementor-heading-title elementor-size-default\">Kronenringe:  <\/h1>\t\t\t\t<\/div>\n\t\t\t\t<div class=\"elementor-element elementor-element-f360ecb elementor-widget__width-initial elementor-widget-mobile__width-inherit elementor-widget elementor-widget-heading\" data-id=\"f360ecb\" data-element_type=\"widget\" data-e-type=\"widget\" data-settings=\"{&quot;motion_fx_motion_fx_scrolling&quot;:&quot;yes&quot;,&quot;motion_fx_translateY_effect&quot;:&quot;yes&quot;,&quot;motion_fx_translateY_direction&quot;:&quot;negative&quot;,&quot;motion_fx_translateY_affectedRange&quot;:{&quot;unit&quot;:&quot;%&quot;,&quot;size&quot;:&quot;&quot;,&quot;sizes&quot;:{&quot;start&quot;:50,&quot;end&quot;:100}},&quot;motion_fx_devices&quot;:[&quot;desktop&quot;,&quot;tablet&quot;],&quot;motion_fx_translateY_speed&quot;:{&quot;unit&quot;:&quot;px&quot;,&quot;size&quot;:4,&quot;sizes&quot;:[]}}\" data-widget_type=\"heading.default\">\n\t\t\t\t\t<h1 class=\"elementor-heading-title elementor-size-default\">Schmuckresidenz f\u00fcr Nachwuchsk\u00fcnstler*innen<\/h1>\t\t\t\t<\/div>\n\t\t\t\t<div class=\"elementor-element elementor-element-4dee4c6 elementor-widget__width-initial elementor-widget-mobile__width-inherit elementor-widget elementor-widget-heading\" data-id=\"4dee4c6\" data-element_type=\"widget\" data-e-type=\"widget\" data-settings=\"{&quot;motion_fx_motion_fx_scrolling&quot;:&quot;yes&quot;,&quot;motion_fx_translateY_effect&quot;:&quot;yes&quot;,&quot;motion_fx_translateY_direction&quot;:&quot;negative&quot;,&quot;motion_fx_translateY_affectedRange&quot;:{&quot;unit&quot;:&quot;%&quot;,&quot;size&quot;:&quot;&quot;,&quot;sizes&quot;:{&quot;start&quot;:50,&quot;end&quot;:100}},&quot;motion_fx_devices&quot;:[&quot;desktop&quot;,&quot;tablet&quot;],&quot;motion_fx_translateY_speed&quot;:{&quot;unit&quot;:&quot;px&quot;,&quot;size&quot;:4,&quot;sizes&quot;:[]}}\" data-widget_type=\"heading.default\">\n\t\t\t\t\t<h1 class=\"elementor-heading-title elementor-size-default\">Die Bewerbungsfrist ist nun abgelaufen.<\/h1>\t\t\t\t<\/div>\n\t\t\t\t<div class=\"elementor-element elementor-element-474bc69 elementor-widget__width-initial elementor-widget-mobile__width-inherit elementor-widget elementor-widget-heading\" data-id=\"474bc69\" data-element_type=\"widget\" data-e-type=\"widget\" data-settings=\"{&quot;motion_fx_motion_fx_scrolling&quot;:&quot;yes&quot;,&quot;motion_fx_translateY_effect&quot;:&quot;yes&quot;,&quot;motion_fx_translateY_direction&quot;:&quot;negative&quot;,&quot;motion_fx_translateY_affectedRange&quot;:{&quot;unit&quot;:&quot;%&quot;,&quot;size&quot;:&quot;&quot;,&quot;sizes&quot;:{&quot;start&quot;:50,&quot;end&quot;:100}},&quot;motion_fx_devices&quot;:[&quot;desktop&quot;,&quot;tablet&quot;],&quot;motion_fx_translateY_speed&quot;:{&quot;unit&quot;:&quot;px&quot;,&quot;size&quot;:4,&quot;sizes&quot;:[]}}\" data-widget_type=\"heading.default\">\n\t\t\t\t\t<h1 class=\"elementor-heading-title elementor-size-default\">Insgesamt wurden 82 Bewerbungen aus 36 verschiedenen L\u00e4ndern weltweit eingereicht. Vielen Dank! <\/h1>\t\t\t\t<\/div>\n\t\t\t\t<div class=\"elementor-element elementor-element-655f71be elementor-widget__width-initial elementor-widget-mobile__width-inherit elementor-widget elementor-widget-text-editor\" data-id=\"655f71be\" data-element_type=\"widget\" data-e-type=\"widget\" data-widget_type=\"text-editor.default\">\n\t\t\t\t\t\t\t\t\t<p><strong>Vielen Dank f\u00fcr die zahlreichen Bewerbungen f\u00fcr die Kronenringe Jewellery Residency!<\/strong><\/p><p>Dieses einzigartige Programm in Deutschland bietet Schmuckk\u00fcnstlern nicht nur eine seltene, voll ausgestattete Goldschmiedewerkstatt mit historischer Kontinuit\u00e4t, sondern auch direkten Zugang zu einer lebendigen Gemeinschaft von Kollegen, Kunden und F\u00f6rderern.<\/p><p><em>In Gedenken an Barbara Helleis.<\/em><\/p>\t\t\t\t\t\t\t\t<\/div>\n\t\t\t\t<div class=\"elementor-element elementor-element-c7e0c73 elementor-align-center elementor-widget elementor-widget-button\" data-id=\"c7e0c73\" data-element_type=\"widget\" data-e-type=\"widget\" data-widget_type=\"button.default\">\n\t\t\t\t\t\t\t\t\t\t<a class=\"elementor-button elementor-size-sm\" role=\"button\">\n\t\t\t\t\t\t<span class=\"elementor-button-content-wrapper\">\n\t\t\t\t\t\t<span class=\"elementor-button-icon\">\n\t\t\t\t<svg aria-hidden=\"true\" class=\"e-font-icon-svg e-far-stop-circle\" viewBox=\"0 0 512 512\" xmlns=\"http:\/\/www.w3.org\/2000\/svg\"><path d=\"M504 256C504 119 393 8 256 8S8 119 8 256s111 248 248 248 248-111 248-248zm-448 0c0-110.5 89.5-200 200-200s200 89.5 200 200-89.5 200-200 200S56 366.5 56 256zm296-80v160c0 8.8-7.2 16-16 16H176c-8.8 0-16-7.2-16-16V176c0-8.8 7.2-16 16-16h160c8.8 0 16 7.2 16 16z\"><\/path><\/svg>\t\t\t<\/span>\n\t\t\t\t\t\t\t\t\t<span class=\"elementor-button-text\">Bewerbung geschlossen<\/span>\n\t\t\t\t\t<\/span>\n\t\t\t\t\t<\/a>\n\t\t\t\t\t\t\t\t<\/div>\n\t\t\t\t<\/div>\n\t\t\t\t<\/div>\n\t\t<div class=\"elementor-element elementor-element-3fa2efc3 e-con-full e-flex e-con e-parent\" data-id=\"3fa2efc3\" data-element_type=\"container\" data-e-type=\"container\" id=\"next\" data-settings=\"{&quot;background_background&quot;:&quot;classic&quot;}\">\n\t\t<div class=\"elementor-element elementor-element-56b84712 e-con-full e-flex e-con e-child\" data-id=\"56b84712\" data-element_type=\"container\" data-e-type=\"container\">\n\t\t\t\t<div class=\"elementor-element elementor-element-5e6f011a elementor-widget elementor-widget-heading\" data-id=\"5e6f011a\" data-element_type=\"widget\" data-e-type=\"widget\" data-settings=\"{&quot;motion_fx_motion_fx_scrolling&quot;:&quot;yes&quot;,&quot;motion_fx_translateY_effect&quot;:&quot;yes&quot;,&quot;motion_fx_translateY_direction&quot;:&quot;negative&quot;,&quot;motion_fx_translateY_affectedRange&quot;:{&quot;unit&quot;:&quot;%&quot;,&quot;size&quot;:&quot;&quot;,&quot;sizes&quot;:{&quot;start&quot;:50,&quot;end&quot;:100}},&quot;motion_fx_devices&quot;:[&quot;desktop&quot;,&quot;tablet&quot;],&quot;motion_fx_translateY_speed&quot;:{&quot;unit&quot;:&quot;px&quot;,&quot;size&quot;:4,&quot;sizes&quot;:[]}}\" data-widget_type=\"heading.default\">\n\t\t\t\t\t<h2 class=\"elementor-heading-title elementor-size-default\">Goldschmiedewerkstatt &amp; Studio \/\nIn Gedenken an Barbara Helleis<\/h2>\t\t\t\t<\/div>\n\t\t\t\t<\/div>\n\t\t<div class=\"elementor-element elementor-element-479478c8 e-con-full e-flex e-con e-child\" data-id=\"479478c8\" data-element_type=\"container\" data-e-type=\"container\">\n\t\t\t\t<div class=\"elementor-element elementor-element-4ae05c2b elementor-widget elementor-widget-text-editor\" data-id=\"4ae05c2b\" data-element_type=\"widget\" data-e-type=\"widget\" data-widget_type=\"text-editor.default\">\n\t\t\t\t\t\t\t\t\t<h3 data-start=\"635\" data-end=\"656\"><span style=\"color: #ffffff;\">Werkstattzugang<\/span><\/h3><ul data-start=\"657\" data-end=\"911\"><li data-start=\"657\" data-end=\"695\"><p data-start=\"659\" data-end=\"695\">24\/7 Zugang zu den Werkstatteinrichtungen<\/p><\/li><li data-start=\"696\" data-end=\"736\"><p data-start=\"698\" data-end=\"736\">Voll ausgestattete Goldschmiedearbeitspl\u00e4tze<\/p><\/li><li data-start=\"737\" data-end=\"781\"><p data-start=\"739\" data-end=\"781\">Professionelle Ausstattung f\u00fcr die Schmuckherstellung<\/p><\/li><li data-start=\"782\" data-end=\"821\"><p data-start=\"784\" data-end=\"821\">Stauraum f\u00fcr laufende Arbeiten<\/p><\/li><li data-start=\"822\" data-end=\"870\"><p data-start=\"824\" data-end=\"870\">Zugang zu Barbaras historischer Werkzeugsammlung<\/p><\/li><li data-start=\"871\" data-end=\"911\"><p data-start=\"873\" data-end=\"911\">Materialbibliothek und Ressourcenzentrum<\/p><\/li><\/ul>\t\t\t\t\t\t\t\t<\/div>\n\t\t\t\t<\/div>\n\t\t\t\t<\/div>\n\t\t<div class=\"elementor-element elementor-element-3b7d9f02 e-con-full e-flex e-con e-parent\" data-id=\"3b7d9f02\" data-element_type=\"container\" data-e-type=\"container\" data-settings=\"{&quot;background_background&quot;:&quot;classic&quot;}\">\n\t\t<div class=\"elementor-element elementor-element-2ace0fc2 e-con-full e-flex e-con e-child\" data-id=\"2ace0fc2\" data-element_type=\"container\" data-e-type=\"container\">\n\t\t\t\t<div class=\"elementor-element elementor-element-7fca3851 elementor-widget elementor-widget-heading\" data-id=\"7fca3851\" data-element_type=\"widget\" data-e-type=\"widget\" data-settings=\"{&quot;motion_fx_motion_fx_scrolling&quot;:&quot;yes&quot;,&quot;motion_fx_translateY_effect&quot;:&quot;yes&quot;,&quot;motion_fx_translateY_direction&quot;:&quot;negative&quot;,&quot;motion_fx_translateY_affectedRange&quot;:{&quot;unit&quot;:&quot;%&quot;,&quot;size&quot;:&quot;&quot;,&quot;sizes&quot;:{&quot;start&quot;:50,&quot;end&quot;:100}},&quot;motion_fx_devices&quot;:[&quot;desktop&quot;,&quot;tablet&quot;],&quot;motion_fx_translateY_speed&quot;:{&quot;unit&quot;:&quot;px&quot;,&quot;size&quot;:4,&quot;sizes&quot;:[]}}\" data-widget_type=\"heading.default\">\n\t\t\t\t\t<h2 class=\"elementor-heading-title elementor-size-default\">Residenzzeitraum &amp; Unterst\u00fctzung<\/h2>\t\t\t\t<\/div>\n\t\t\t\t<\/div>\n\t\t<div class=\"elementor-element elementor-element-6d4e012e e-con-full e-flex e-con e-child\" data-id=\"6d4e012e\" data-element_type=\"container\" data-e-type=\"container\">\n\t\t\t\t<div class=\"elementor-element elementor-element-3cf9f383 elementor-widget elementor-widget-text-editor\" data-id=\"3cf9f383\" data-element_type=\"widget\" data-e-type=\"widget\" data-widget_type=\"text-editor.default\">\n\t\t\t\t\t\t\t\t\t<h3 data-start=\"918\" data-end=\"950\"><span style=\"color: #ffffff;\">Residenzzeitraum &amp; Unterst\u00fctzung<\/span><\/h3><ul data-start=\"951\" data-end=\"1421\"><li data-start=\"951\" data-end=\"1030\"><p data-start=\"953\" data-end=\"1030\">Finanzierter Aufenthalt: kostenlose Unterkunft, Reisekosten und Lebenshaltungskosten sind abgedeckt<\/p><\/li><li data-start=\"1031\" data-end=\"1074\"><p data-start=\"1033\" data-end=\"1074\">Private m\u00f6blierte Ferienwohnung wird gestellt<\/p><\/li><li data-start=\"1075\" data-end=\"1195\"><p data-start=\"1077\" data-end=\"1195\">3-monatiger k\u00fcnstlerischer Aufenthalt <\/p><\/li><li data-start=\"1196\" data-end=\"1247\"><p data-start=\"1198\" data-end=\"1247\">Werkstattdiskussion<\/p><\/li><li data-start=\"1248\" data-end=\"1294\"><p data-start=\"1250\" data-end=\"1294\">Exkursion zu Fachschule, Messe und Akademie<\/p><\/li><li data-start=\"1295\" data-end=\"1421\"><p data-start=\"1297\" data-end=\"1421\">Zeitr\u00e4ume: November\u2013Februar <br>\u00b7 M\u00e4rz\u2013Mai <br>\u00b7 Juni\u2013August<br>\u00b7 September\u2013November<br>\u00b7 Dezember\u2013Februar<br>\u00b7 und so weiter<\/p><\/li><\/ul>\t\t\t\t\t\t\t\t<\/div>\n\t\t\t\t<\/div>\n\t\t\t\t<\/div>\n\t\t<div class=\"elementor-element elementor-element-587a6888 e-con-full e-flex e-con e-parent\" data-id=\"587a6888\" data-element_type=\"container\" data-e-type=\"container\" data-settings=\"{&quot;background_background&quot;:&quot;classic&quot;}\">\n\t\t<div class=\"elementor-element elementor-element-36ba8587 e-con-full e-flex e-con e-child\" data-id=\"36ba8587\" data-element_type=\"container\" data-e-type=\"container\">\n\t\t\t\t<div class=\"elementor-element elementor-element-51da0fea elementor-widget elementor-widget-heading\" data-id=\"51da0fea\" data-element_type=\"widget\" data-e-type=\"widget\" data-settings=\"{&quot;motion_fx_motion_fx_scrolling&quot;:&quot;yes&quot;,&quot;motion_fx_translateY_effect&quot;:&quot;yes&quot;,&quot;motion_fx_translateY_direction&quot;:&quot;negative&quot;,&quot;motion_fx_translateY_affectedRange&quot;:{&quot;unit&quot;:&quot;%&quot;,&quot;size&quot;:&quot;&quot;,&quot;sizes&quot;:{&quot;start&quot;:50,&quot;end&quot;:100}},&quot;motion_fx_devices&quot;:[&quot;desktop&quot;,&quot;tablet&quot;],&quot;motion_fx_translateY_speed&quot;:{&quot;unit&quot;:&quot;px&quot;,&quot;size&quot;:4,&quot;sizes&quot;:[]}}\" data-widget_type=\"heading.default\">\n\t\t\t\t\t<h2 class=\"elementor-heading-title elementor-size-default\">Landsberg am Lech, Deutschland<\/h2>\t\t\t\t<\/div>\n\t\t\t\t<\/div>\n\t\t<div class=\"elementor-element elementor-element-4e7474f1 e-con-full e-flex e-con e-child\" data-id=\"4e7474f1\" data-element_type=\"container\" data-e-type=\"container\">\n\t\t\t\t<div class=\"elementor-element elementor-element-2c4846e7 elementor-widget elementor-widget-text-editor\" data-id=\"2c4846e7\" data-element_type=\"widget\" data-e-type=\"widget\" data-widget_type=\"text-editor.default\">\n\t\t\t\t\t\t\t\t\t<h3 data-start=\"1428\" data-end=\"1442\"><span style=\"color: #ffffff;\">Standort<\/span><\/h3><ul data-start=\"1443\" data-end=\"1837\"><li data-start=\"1443\" data-end=\"1496\"><p data-start=\"1445\" data-end=\"1496\">Atelier und Werkstatt im historischen Landsberg am Lech<\/p><\/li><li data-start=\"1497\" data-end=\"1554\"><p data-start=\"1499\" data-end=\"1554\">Malerische bayerische Stadt mit reichem Kulturerbe<\/p><\/li><li data-start=\"1555\" data-end=\"1599\"><p data-start=\"1557\" data-end=\"1599\">Einwohner: 30.000 \u00b7 Eigener Bahnhof<\/p><\/li><li data-start=\"1600\" data-end=\"1659\"><p data-start=\"1602\" data-end=\"1659\">Inspirierende Umgebung mit Zugang zu Kultur und Natur<\/p><\/li><li data-start=\"1660\" data-end=\"1715\"><p data-start=\"1662\" data-end=\"1715\">Adresse: 86899 Landsberg am Lech \u00b7 Bayern, Deutschland<\/p><\/li><li data-start=\"1716\" data-end=\"1837\"><p data-start=\"1718\" data-end=\"1837\">In der N\u00e4he: 40 Minuten mit dem Zug nach M\u00fcnchen oder Augsburg \u00b7 1,5 Stunden zum Flughafen M\u00fcnchen \u00b7 Nahe dem Ammersee und den Alpen<\/p><\/li><\/ul>\t\t\t\t\t\t\t\t<\/div>\n\t\t\t\t<\/div>\n\t\t\t\t<\/div>\n\t\t<div class=\"elementor-element elementor-element-4f384c8 e-con-full e-flex e-con e-parent\" data-id=\"4f384c8\" data-element_type=\"container\" data-e-type=\"container\" data-settings=\"{&quot;background_background&quot;:&quot;classic&quot;}\">\n\t\t<div class=\"elementor-element elementor-element-70bcffa e-con-full e-flex e-con e-child\" data-id=\"70bcffa\" data-element_type=\"container\" data-e-type=\"container\">\n\t\t\t\t<div class=\"elementor-element elementor-element-c52e9ff elementor-widget elementor-widget-heading\" data-id=\"c52e9ff\" data-element_type=\"widget\" data-e-type=\"widget\" data-settings=\"{&quot;motion_fx_motion_fx_scrolling&quot;:&quot;yes&quot;,&quot;motion_fx_translateY_effect&quot;:&quot;yes&quot;,&quot;motion_fx_translateY_direction&quot;:&quot;negative&quot;,&quot;motion_fx_translateY_affectedRange&quot;:{&quot;unit&quot;:&quot;%&quot;,&quot;size&quot;:&quot;&quot;,&quot;sizes&quot;:{&quot;start&quot;:50,&quot;end&quot;:100}},&quot;motion_fx_devices&quot;:[&quot;desktop&quot;,&quot;tablet&quot;],&quot;motion_fx_translateY_speed&quot;:{&quot;unit&quot;:&quot;px&quot;,&quot;size&quot;:4,&quot;sizes&quot;:[]}}\" data-widget_type=\"heading.default\">\n\t\t\t\t\t<h2 class=\"elementor-heading-title elementor-size-default\">Wir arbeiten zusammen!<\/h2>\t\t\t\t<\/div>\n\t\t\t\t<\/div>\n\t\t<div class=\"elementor-element elementor-element-8a16cc7 e-con-full e-flex e-con e-child\" data-id=\"8a16cc7\" data-element_type=\"container\" data-e-type=\"container\">\n\t\t\t\t<div class=\"elementor-element elementor-element-e6dfe55 elementor-widget elementor-widget-text-editor\" data-id=\"e6dfe55\" data-element_type=\"widget\" data-e-type=\"widget\" data-widget_type=\"text-editor.default\">\n\t\t\t\t\t\t\t\t\t<h3 data-start=\"1844\" data-end=\"1858\"><span style=\"color: #ffffff;\">Partner<\/span><\/h3><p data-start=\"1859\" data-end=\"2084\">Die Kooperationspartner sind etablierte und renommierte Institutionen aus dem Schmuckbereich. Sie unterst\u00fctzen das Projekt durch fachkundige Beratung, F\u00f6rderung des Wettbewerbs, Teilnahme an der Jury und Ausrichtung von Ausstellungen. <\/p>\t\t\t\t\t\t\t\t<\/div>\n\t\t\t\t<div class=\"elementor-element elementor-element-fa21c21 elementor-widget elementor-widget-text-editor\" data-id=\"fa21c21\" data-element_type=\"widget\" data-e-type=\"widget\" data-widget_type=\"text-editor.default\">\n\t\t\t\t\t\t\t\t\t<h2 class=\"cvGsUA direction-ltr align-start para-style-body\"><span style=\"color: #ffffff;\">Unsere Partner<\/span><\/h2>\n<ul>\n<li><span class=\"a_GcMg font-feature-liga-off font-feature-clig-off font-feature-calt-off text-decoration-none text-strikethrough-none\">Staatliche Berufsfachschule f\u00fcr Glas und Schmuck Kaufbeuren-Neugablonz<\/span><\/li>\n<li><span class=\"a_GcMg font-feature-liga-off font-feature-clig-off font-feature-calt-off text-decoration-none text-strikethrough-none\">Akademie der Bildenden K\u00fcnste M\u00fcnchen<\/span><\/li>\n<li><span class=\"a_GcMg font-feature-liga-off font-feature-clig-off font-feature-calt-off text-decoration-none text-strikethrough-none\">Galerie handwerk<\/span><\/li>\n<li><span class=\"a_GcMg font-feature-liga-off font-feature-clig-off font-feature-calt-off text-decoration-none text-strikethrough-none\">Handwerkskammer f\u00fcr M\u00fcnchen und Oberbayern<\/span><\/li>\n<li><span class=\"a_GcMg font-feature-liga-off font-feature-clig-off font-feature-calt-off text-decoration-none text-strikethrough-none\">Klasse f\u00fcr Schmuck und Ger\u00e4t, <\/span>Prof. Karen Pontoppidan<\/li>\n<li><span class=\"a_GcMg font-feature-liga-off font-feature-clig-off font-feature-calt-off text-decoration-none text-strikethrough-none\">Bayerischer Kunstgewerbeverein e. V. <\/span><\/li>\n<li><span class=\"a_GcMg font-feature-liga-off font-feature-clig-off font-feature-calt-off text-decoration-none text-strikethrough-none\">Benno und Therese Danner\u2019sche Kunstgewerbestiftung<\/span><\/li>\n<li><span class=\"a_GcMg font-feature-liga-off font-feature-clig-off font-feature-calt-off text-decoration-none text-strikethrough-none\">Res Artis<\/span><\/li>\n<li><span class=\"a_GcMg font-feature-liga-off font-feature-clig-off font-feature-calt-off text-decoration-none text-strikethrough-none\">Inhorgenta M\u00fcnchen<\/span><\/li>\n<li><span class=\"a_GcMg font-feature-liga-off font-feature-clig-off font-feature-calt-off text-decoration-none text-strikethrough-none\">GZ Goldschmiedezeitung<\/span><\/li>\n<li><span class=\"a_GcMg font-feature-liga-off font-feature-clig-off font-feature-calt-off text-decoration-none text-strikethrough-none\">Art Aurea<\/span><\/li>\n<li><span class=\"a_GcMg font-feature-liga-off font-feature-clig-off font-feature-calt-off text-decoration-none text-strikethrough-none\">SMCK Magazin<\/span><\/li>\n<\/ul>\t\t\t\t\t\t\t\t<\/div>\n\t\t\t\t<div class=\"elementor-element elementor-element-d1b2ecf elementor-widget__width-auto elementor-widget elementor-widget-image\" data-id=\"d1b2ecf\" data-element_type=\"widget\" data-e-type=\"widget\" data-widget_type=\"image.default\">\n\t\t\t\t\t\t\t\t\t\t\t\t\t\t\t<img fetchpriority=\"high\" decoding=\"async\" width=\"580\" height=\"962\" src=\"http:\/\/kronenringe.art\/wp-content\/uploads\/2025\/08\/19.webp\" class=\"attachment-medium_large size-medium_large wp-image-988\" alt=\"\" srcset=\"http:\/\/kronenringe.art\/wp-content\/uploads\/2025\/08\/19.webp 580w, http:\/\/kronenringe.art\/wp-content\/uploads\/2025\/08\/19-181x300.webp 181w\" sizes=\"(max-width: 580px) 100vw, 580px\" \/>\t\t\t\t\t\t\t\t\t\t\t\t\t\t\t<\/div>\n\t\t\t\t<div class=\"elementor-element elementor-element-c131806 elementor-widget elementor-widget-image\" data-id=\"c131806\" data-element_type=\"widget\" data-e-type=\"widget\" data-widget_type=\"image.default\">\n\t\t\t\t\t\t\t\t\t\t\t\t\t\t\t<img decoding=\"async\" width=\"482\" height=\"943\" src=\"http:\/\/kronenringe.art\/wp-content\/uploads\/2025\/09\/Kronenringe-Residency-Partnerlogo-2-Hochkant.webp\" class=\"attachment-large size-large wp-image-1074\" alt=\"\" \/>\t\t\t\t\t\t\t\t\t\t\t\t\t\t\t<\/div>\n\t\t\t\t<\/div>\n\t\t\t\t<\/div>\n\t\t<div class=\"elementor-element elementor-element-72ca50a e-flex e-con-boxed e-con e-parent\" data-id=\"72ca50a\" data-element_type=\"container\" data-e-type=\"container\">\n\t\t\t\t\t<div class=\"e-con-inner\">\n\t\t\t\t\t<\/div>\n\t\t\t\t<\/div>\n\t\t\t\t<\/div>\n\t\t","protected":false},"excerpt":{"rendered":"<p>Kronenringe: Schmuckresidenz f\u00fcr Nachwuchsk\u00fcnstler*innen Die Bewerbungsfrist ist nun abgelaufen. Insgesamt wurden 82 Bewerbungen aus 36 verschiedenen L\u00e4ndern weltweit eingereicht. Vielen Dank! Vielen Dank f\u00fcr die zahlreichen Bewerbungen f\u00fcr die Kronenringe Jewellery Residency! Dieses einzigartige Programm in Deutschland bietet Schmuckk\u00fcnstlern nicht nur eine seltene, voll ausgestattete Goldschmiedewerkstatt mit historischer Kontinuit\u00e4t, sondern auch direkten Zugang zu einer [&hellip;]<\/p>\n","protected":false},"author":1,"featured_media":962,"parent":0,"menu_order":0,"comment_status":"closed","ping_status":"closed","template":"elementor_header_footer","meta":{"footnotes":""},"class_list":["post-986","page","type-page","status-publish","has-post-thumbnail","hentry"],"_links":{"self":[{"href":"http:\/\/kronenringe.art\/de\/wp-json\/wp\/v2\/pages\/986","targetHints":{"allow":["GET"]}}],"collection":[{"href":"http:\/\/kronenringe.art\/de\/wp-json\/wp\/v2\/pages"}],"about":[{"href":"http:\/\/kronenringe.art\/de\/wp-json\/wp\/v2\/types\/page"}],"author":[{"embeddable":true,"href":"http:\/\/kronenringe.art\/de\/wp-json\/wp\/v2\/users\/1"}],"replies":[{"embeddable":true,"href":"http:\/\/kronenringe.art\/de\/wp-json\/wp\/v2\/comments?post=986"}],"version-history":[{"count":13,"href":"http:\/\/kronenringe.art\/de\/wp-json\/wp\/v2\/pages\/986\/revisions"}],"predecessor-version":[{"id":1611,"href":"http:\/\/kronenringe.art\/de\/wp-json\/wp\/v2\/pages\/986\/revisions\/1611"}],"wp:featuredmedia":[{"embeddable":true,"href":"http:\/\/kronenringe.art\/de\/wp-json\/wp\/v2\/media\/962"}],"wp:attachment":[{"href":"http:\/\/kronenringe.art\/de\/wp-json\/wp\/v2\/media?parent=986"}],"curies":[{"name":"wp","href":"https:\/\/api.w.org\/{rel}","templated":true}]}}